{"id":50966,"date":"2023-12-07T23:17:41","date_gmt":"2023-12-08T02:17:41","guid":{"rendered":"https:\/\/estiloromano.smartjoias.com.br\/escolhas\/shop\/sem categoria\/anel-solitario-detalhado-com-zirconia-banhado-a-ouro-tamanho16\/"},"modified":"2024-09-22T21:16:26","modified_gmt":"2024-09-23T00:16:26","slug":"anel-solitario-detalhado-com-zirconia-banhado-a-ouro-tamanho16","status":"publish","type":"product","link":"https:\/\/estiloromano.smartjoias.com.br\/escolhas\/shop\/sem-categoria\/anel-solitario-detalhado-com-zirconia-banhado-a-ouro-tamanho16\/","title":{"rendered":"Anel Solit\u00e1rio Detalhado com Zirc\u00f4nia- Banhado a Ouro Tamanho:16"},"content":{"rendered":"<p>Anel Solit\u00e1rio Detalhado com Zirc\u00f4nia- Banhado a Ouro Tamanho:16<\/p>\n","protected":false},"excerpt":{"rendered":"<p>Anel Solit\u00e1rio Detalhado com Zirc\u00f4nia- Banhado a Ouro Tamanho:16<\/p>\n","protected":false},"featured_media":0,"template":"","meta":[],"product_cat":[2480],"product_tag":[],"class_list":{"0":"post-50966","1":"product","2":"type-product","3":"status-publish","5":"product_cat-sem-categoria","7":"first","8":"instock","9":"shipping-taxable","10":"purchasable","11":"product-type-simple"},"_links":{"self":[{"href":"https:\/\/estiloromano.smartjoias.com.br\/escolhas\/wp-json\/wp\/v2\/product\/50966","targetHints":{"allow":["GET"]}}],"collection":[{"href":"https:\/\/estiloromano.smartjoias.com.br\/escolhas\/wp-json\/wp\/v2\/product"}],"about":[{"href":"https:\/\/estiloromano.smartjoias.com.br\/escolhas\/wp-json\/wp\/v2\/types\/product"}],"wp:attachment":[{"href":"https:\/\/estiloromano.smartjoias.com.br\/escolhas\/wp-json\/wp\/v2\/media?parent=50966"}],"wp:term":[{"taxonomy":"product_cat","embeddable":true,"href":"https:\/\/estiloromano.smartjoias.com.br\/escolhas\/wp-json\/wp\/v2\/product_cat?post=50966"},{"taxonomy":"product_tag","embeddable":true,"href":"https:\/\/estiloromano.smartjoias.com.br\/escolhas\/wp-json\/wp\/v2\/product_tag?post=50966"}],"curies":[{"name":"wp","href":"https:\/\/api.w.org\/{rel}","templated":true}]}}