{"id":50975,"date":"2023-12-07T23:18:59","date_gmt":"2023-12-08T02:18:59","guid":{"rendered":"https:\/\/estiloromano.smartjoias.com.br\/escolhas\/shop\/sem categoria\/anel-coracao-vazado-banhado-a-ouro-tamanho22-2\/"},"modified":"2024-09-22T21:16:41","modified_gmt":"2024-09-23T00:16:41","slug":"anel-coracao-vazado-banhado-a-ouro-tamanho22-2","status":"publish","type":"product","link":"https:\/\/estiloromano.smartjoias.com.br\/escolhas\/shop\/sem-categoria\/anel-coracao-vazado-banhado-a-ouro-tamanho22-2\/","title":{"rendered":"Anel Cora\u00e7\u00e3o Vazado &#8211; Banhado a Ouro Tamanho:22"},"content":{"rendered":"<p>Anel Cora\u00e7\u00e3o Vazado &#8211; Banhado a Ouro Tamanho:22<\/p>\n","protected":false},"excerpt":{"rendered":"<p>Anel Cora\u00e7\u00e3o Vazado &#8211; Banhado a Ouro Tamanho:22<\/p>\n","protected":false},"featured_media":0,"template":"","meta":[],"product_cat":[2480],"product_tag":[],"class_list":{"0":"post-50975","1":"product","2":"type-product","3":"status-publish","5":"product_cat-sem-categoria","7":"first","8":"instock","9":"shipping-taxable","10":"purchasable","11":"product-type-simple"},"_links":{"self":[{"href":"https:\/\/estiloromano.smartjoias.com.br\/escolhas\/wp-json\/wp\/v2\/product\/50975","targetHints":{"allow":["GET"]}}],"collection":[{"href":"https:\/\/estiloromano.smartjoias.com.br\/escolhas\/wp-json\/wp\/v2\/product"}],"about":[{"href":"https:\/\/estiloromano.smartjoias.com.br\/escolhas\/wp-json\/wp\/v2\/types\/product"}],"wp:attachment":[{"href":"https:\/\/estiloromano.smartjoias.com.br\/escolhas\/wp-json\/wp\/v2\/media?parent=50975"}],"wp:term":[{"taxonomy":"product_cat","embeddable":true,"href":"https:\/\/estiloromano.smartjoias.com.br\/escolhas\/wp-json\/wp\/v2\/product_cat?post=50975"},{"taxonomy":"product_tag","embeddable":true,"href":"https:\/\/estiloromano.smartjoias.com.br\/escolhas\/wp-json\/wp\/v2\/product_tag?post=50975"}],"curies":[{"name":"wp","href":"https:\/\/api.w.org\/{rel}","templated":true}]}}