{"id":50976,"date":"2023-12-07T23:19:07","date_gmt":"2023-12-08T02:19:07","guid":{"rendered":"https:\/\/estiloromano.smartjoias.com.br\/escolhas\/shop\/sem categoria\/anel-coracao-vazado-banhado-a-ouro-tamanho21-2\/"},"modified":"2024-09-22T21:16:43","modified_gmt":"2024-09-23T00:16:43","slug":"anel-coracao-vazado-banhado-a-ouro-tamanho21-2","status":"publish","type":"product","link":"https:\/\/estiloromano.smartjoias.com.br\/escolhas\/shop\/sem-categoria\/anel-coracao-vazado-banhado-a-ouro-tamanho21-2\/","title":{"rendered":"Anel Cora\u00e7\u00e3o Vazado &#8211; Banhado a Ouro Tamanho:21"},"content":{"rendered":"<p>Anel Cora\u00e7\u00e3o Vazado &#8211; Banhado a Ouro Tamanho:21<\/p>\n","protected":false},"excerpt":{"rendered":"<p>Anel Cora\u00e7\u00e3o Vazado &#8211; Banhado a Ouro Tamanho:21<\/p>\n","protected":false},"featured_media":0,"template":"","meta":[],"product_cat":[2480],"product_tag":[],"class_list":{"0":"post-50976","1":"product","2":"type-product","3":"status-publish","5":"product_cat-sem-categoria","7":"first","8":"instock","9":"shipping-taxable","10":"purchasable","11":"product-type-simple"},"_links":{"self":[{"href":"https:\/\/estiloromano.smartjoias.com.br\/escolhas\/wp-json\/wp\/v2\/product\/50976","targetHints":{"allow":["GET"]}}],"collection":[{"href":"https:\/\/estiloromano.smartjoias.com.br\/escolhas\/wp-json\/wp\/v2\/product"}],"about":[{"href":"https:\/\/estiloromano.smartjoias.com.br\/escolhas\/wp-json\/wp\/v2\/types\/product"}],"wp:attachment":[{"href":"https:\/\/estiloromano.smartjoias.com.br\/escolhas\/wp-json\/wp\/v2\/media?parent=50976"}],"wp:term":[{"taxonomy":"product_cat","embeddable":true,"href":"https:\/\/estiloromano.smartjoias.com.br\/escolhas\/wp-json\/wp\/v2\/product_cat?post=50976"},{"taxonomy":"product_tag","embeddable":true,"href":"https:\/\/estiloromano.smartjoias.com.br\/escolhas\/wp-json\/wp\/v2\/product_tag?post=50976"}],"curies":[{"name":"wp","href":"https:\/\/api.w.org\/{rel}","templated":true}]}}