{"id":51036,"date":"2023-12-07T23:22:21","date_gmt":"2023-12-08T02:22:21","guid":{"rendered":"https:\/\/estiloromano.smartjoias.com.br\/escolhas\/shop\/sem%20categoria\/colar-casal-com-zirconia-vermelha-e-verde-agua-banhado-a-our\/"},"modified":"2024-09-22T21:18:29","modified_gmt":"2024-09-23T00:18:29","slug":"colar-casal-com-zirconia-vermelha-e-verde-agua-banhado-a-our","status":"publish","type":"product","link":"https:\/\/estiloromano.smartjoias.com.br\/escolhas\/shop\/sem-categoria\/colar-casal-com-zirconia-vermelha-e-verde-agua-banhado-a-our\/","title":{"rendered":"Colar Casal com Zirc\u00f4nia Vermelha e Verde \u00c1gua &#8211; Banhado a Our"},"content":{"rendered":"<p>Colar Casal com Zirc\u00f4nia Vermelha e Verde \u00c1gua &#8211; Banhado a Ouro<\/p>\n","protected":false},"excerpt":{"rendered":"<p>Colar Casal com Zirc\u00f4nia Vermelha e Verde \u00c1gua &#8211; Banhado a Ouro<\/p>\n","protected":false},"featured_media":0,"template":"","meta":[],"product_cat":[2480],"product_tag":[],"class_list":{"0":"post-51036","1":"product","2":"type-product","3":"status-publish","5":"product_cat-sem-categoria","7":"first","8":"instock","9":"shipping-taxable","10":"purchasable","11":"product-type-simple"},"_links":{"self":[{"href":"https:\/\/estiloromano.smartjoias.com.br\/escolhas\/wp-json\/wp\/v2\/product\/51036","targetHints":{"allow":["GET"]}}],"collection":[{"href":"https:\/\/estiloromano.smartjoias.com.br\/escolhas\/wp-json\/wp\/v2\/product"}],"about":[{"href":"https:\/\/estiloromano.smartjoias.com.br\/escolhas\/wp-json\/wp\/v2\/types\/product"}],"wp:attachment":[{"href":"https:\/\/estiloromano.smartjoias.com.br\/escolhas\/wp-json\/wp\/v2\/media?parent=51036"}],"wp:term":[{"taxonomy":"product_cat","embeddable":true,"href":"https:\/\/estiloromano.smartjoias.com.br\/escolhas\/wp-json\/wp\/v2\/product_cat?post=51036"},{"taxonomy":"product_tag","embeddable":true,"href":"https:\/\/estiloromano.smartjoias.com.br\/escolhas\/wp-json\/wp\/v2\/product_tag?post=51036"}],"curies":[{"name":"wp","href":"https:\/\/api.w.org\/{rel}","templated":true}]}}