{"id":51209,"date":"2024-02-03T19:01:11","date_gmt":"2024-02-03T22:01:11","guid":{"rendered":"https:\/\/estiloromano.smartjoias.com.br\/escolhas\/shop\/sem%20categoria\/colar-arvore-da-vida-cravejada-banhado-a-rodio-branco-correntenylon\/"},"modified":"2024-03-31T05:47:37","modified_gmt":"2024-03-31T08:47:37","slug":"colar-arvore-da-vida-cravejada-banhado-a-rodio-branco-correntenylon","status":"publish","type":"product","link":"https:\/\/estiloromano.smartjoias.com.br\/escolhas\/shop\/sem-categoria\/colar-arvore-da-vida-cravejada-banhado-a-rodio-branco-correntenylon\/","title":{"rendered":"Colar \u00c1rvore da Vida Cravejada &#8211; Banhado a R\u00f3dio Branco Corrente:Nylon"},"content":{"rendered":"<p>Colar \u00c1rvore da Vida Cravejada &#8211; Banhado a Ouro Corrente:Nylon<\/p>\n","protected":false},"excerpt":{"rendered":"<p>Colar \u00c1rvore da Vida Cravejada &#8211; Banhado a Ouro Corrente:Nylon<\/p>\n","protected":false},"featured_media":0,"template":"","meta":[],"product_cat":[2480],"product_tag":[],"class_list":{"0":"post-51209","1":"product","2":"type-product","3":"status-publish","5":"product_cat-sem-categoria","7":"first","8":"instock","9":"shipping-taxable","10":"purchasable","11":"product-type-simple"},"_links":{"self":[{"href":"https:\/\/estiloromano.smartjoias.com.br\/escolhas\/wp-json\/wp\/v2\/product\/51209","targetHints":{"allow":["GET"]}}],"collection":[{"href":"https:\/\/estiloromano.smartjoias.com.br\/escolhas\/wp-json\/wp\/v2\/product"}],"about":[{"href":"https:\/\/estiloromano.smartjoias.com.br\/escolhas\/wp-json\/wp\/v2\/types\/product"}],"wp:attachment":[{"href":"https:\/\/estiloromano.smartjoias.com.br\/escolhas\/wp-json\/wp\/v2\/media?parent=51209"}],"wp:term":[{"taxonomy":"product_cat","embeddable":true,"href":"https:\/\/estiloromano.smartjoias.com.br\/escolhas\/wp-json\/wp\/v2\/product_cat?post=51209"},{"taxonomy":"product_tag","embeddable":true,"href":"https:\/\/estiloromano.smartjoias.com.br\/escolhas\/wp-json\/wp\/v2\/product_tag?post=51209"}],"curies":[{"name":"wp","href":"https:\/\/api.w.org\/{rel}","templated":true}]}}