{"id":51218,"date":"2024-02-03T19:01:33","date_gmt":"2024-02-03T22:01:33","guid":{"rendered":"https:\/\/estiloromano.smartjoias.com.br\/escolhas\/shop\/sem categoria\/colar-arvore-da-vida-cravejada-banhado-a-rodio-branco-correnteveneziana\/"},"modified":"2024-09-22T21:10:13","modified_gmt":"2024-09-23T00:10:13","slug":"colar-arvore-da-vida-cravejada-banhado-a-rodio-branco-correnteveneziana","status":"publish","type":"product","link":"https:\/\/estiloromano.smartjoias.com.br\/escolhas\/shop\/sem-categoria\/colar-arvore-da-vida-cravejada-banhado-a-rodio-branco-correnteveneziana\/","title":{"rendered":"Colar \u00c1rvore da Vida Cravejada &#8211; Banhado a R\u00f3dio Branco Corrente:Veneziana"},"content":{"rendered":"<p>Colar \u00c1rvore da Vida Cravejada &#8211; Banhado a R\u00f3dio Branco Corrente:Veneziana<\/p>\n","protected":false},"excerpt":{"rendered":"<p>Colar \u00c1rvore da Vida Cravejada &#8211; Banhado a R\u00f3dio Branco Corrente:Veneziana<\/p>\n","protected":false},"featured_media":0,"template":"","meta":[],"product_cat":[2480],"product_tag":[],"class_list":{"0":"post-51218","1":"product","2":"type-product","3":"status-publish","5":"product_cat-sem-categoria","7":"first","8":"instock","9":"shipping-taxable","10":"purchasable","11":"product-type-simple"},"fifu_image_url":"https:\/\/orgbling.s3.amazonaws.com\/25e28644d5bc765187a98d9415eab57d\/3ea9e4f3ad28ded5649e719f57256ce7?AWSAccessKeyId=AKIATCLMSGFX4J7TU445&Expires=1727654983&Signature=TV7CI0VkA%2BuQ%2Bs7yqYKnqab3BwA%3D","_links":{"self":[{"href":"https:\/\/estiloromano.smartjoias.com.br\/escolhas\/wp-json\/wp\/v2\/product\/51218","targetHints":{"allow":["GET"]}}],"collection":[{"href":"https:\/\/estiloromano.smartjoias.com.br\/escolhas\/wp-json\/wp\/v2\/product"}],"about":[{"href":"https:\/\/estiloromano.smartjoias.com.br\/escolhas\/wp-json\/wp\/v2\/types\/product"}],"wp:attachment":[{"href":"https:\/\/estiloromano.smartjoias.com.br\/escolhas\/wp-json\/wp\/v2\/media?parent=51218"}],"wp:term":[{"taxonomy":"product_cat","embeddable":true,"href":"https:\/\/estiloromano.smartjoias.com.br\/escolhas\/wp-json\/wp\/v2\/product_cat?post=51218"},{"taxonomy":"product_tag","embeddable":true,"href":"https:\/\/estiloromano.smartjoias.com.br\/escolhas\/wp-json\/wp\/v2\/product_tag?post=51218"}],"curies":[{"name":"wp","href":"https:\/\/api.w.org\/{rel}","templated":true}]}}