{"id":51221,"date":"2024-02-03T19:01:39","date_gmt":"2024-02-03T22:01:39","guid":{"rendered":"https:\/\/estiloromano.smartjoias.com.br\/escolhas\/shop\/sem categoria\/colar-mandala-coracao-cravejado-vazado-banhado-a-rodio-branco-correnteveneziana\/"},"modified":"2024-09-22T21:10:16","modified_gmt":"2024-09-23T00:10:16","slug":"colar-mandala-coracao-cravejado-vazado-banhado-a-rodio-branco-correnteveneziana","status":"publish","type":"product","link":"https:\/\/estiloromano.smartjoias.com.br\/escolhas\/shop\/sem-categoria\/colar-mandala-coracao-cravejado-vazado-banhado-a-rodio-branco-correnteveneziana\/","title":{"rendered":"Colar Mandala Cora\u00e7\u00e3o Cravejado Vazado &#8211; Banhado a R\u00f3dio Branco Corrente:Veneziana"},"content":{"rendered":"<p>Colar Mandala Cora\u00e7\u00e3o Cravejado Vazado &#8211; Banhado a R\u00f3dio Branco Corrente:Veneziana<\/p>\n","protected":false},"excerpt":{"rendered":"<p>Colar Mandala Cora\u00e7\u00e3o Cravejado Vazado &#8211; Banhado a R\u00f3dio Branco Corrente:Veneziana<\/p>\n","protected":false},"featured_media":0,"template":"","meta":[],"product_cat":[2480],"product_tag":[],"class_list":{"0":"post-51221","1":"product","2":"type-product","3":"status-publish","5":"product_cat-sem-categoria","7":"first","8":"instock","9":"shipping-taxable","10":"purchasable","11":"product-type-simple"},"_links":{"self":[{"href":"https:\/\/estiloromano.smartjoias.com.br\/escolhas\/wp-json\/wp\/v2\/product\/51221","targetHints":{"allow":["GET"]}}],"collection":[{"href":"https:\/\/estiloromano.smartjoias.com.br\/escolhas\/wp-json\/wp\/v2\/product"}],"about":[{"href":"https:\/\/estiloromano.smartjoias.com.br\/escolhas\/wp-json\/wp\/v2\/types\/product"}],"wp:attachment":[{"href":"https:\/\/estiloromano.smartjoias.com.br\/escolhas\/wp-json\/wp\/v2\/media?parent=51221"}],"wp:term":[{"taxonomy":"product_cat","embeddable":true,"href":"https:\/\/estiloromano.smartjoias.com.br\/escolhas\/wp-json\/wp\/v2\/product_cat?post=51221"},{"taxonomy":"product_tag","embeddable":true,"href":"https:\/\/estiloromano.smartjoias.com.br\/escolhas\/wp-json\/wp\/v2\/product_tag?post=51221"}],"curies":[{"name":"wp","href":"https:\/\/api.w.org\/{rel}","templated":true}]}}