{"id":51313,"date":"2024-02-13T13:27:07","date_gmt":"2024-02-13T16:27:07","guid":{"rendered":"https:\/\/estiloromano.smartjoias.com.br\/escolhas\/shop\/sem categoria\/colar-medalha-coracao-banhado-a-ouro-correntenylon\/"},"modified":"2024-03-31T05:44:40","modified_gmt":"2024-03-31T08:44:40","slug":"colar-medalha-coracao-banhado-a-ouro-correntenylon","status":"publish","type":"product","link":"https:\/\/estiloromano.smartjoias.com.br\/escolhas\/shop\/sem-categoria\/colar-medalha-coracao-banhado-a-ouro-correntenylon\/","title":{"rendered":"Colar Medalha Cora\u00e7\u00e3o &#8211; Banhado a Ouro Corrente:Nylon"},"content":{"rendered":"<p>Colar Medalha Cora\u00e7\u00e3o &#8211; Banhado a Ouro Corrente:Nylon<\/p>\n","protected":false},"excerpt":{"rendered":"<p>Colar Medalha Cora\u00e7\u00e3o &#8211; Banhado a Ouro Corrente:Nylon<\/p>\n","protected":false},"featured_media":0,"template":"","meta":[],"product_cat":[2480],"product_tag":[],"class_list":{"0":"post-51313","1":"product","2":"type-product","3":"status-publish","5":"product_cat-sem-categoria","7":"first","8":"instock","9":"shipping-taxable","10":"purchasable","11":"product-type-simple"},"_links":{"self":[{"href":"https:\/\/estiloromano.smartjoias.com.br\/escolhas\/wp-json\/wp\/v2\/product\/51313","targetHints":{"allow":["GET"]}}],"collection":[{"href":"https:\/\/estiloromano.smartjoias.com.br\/escolhas\/wp-json\/wp\/v2\/product"}],"about":[{"href":"https:\/\/estiloromano.smartjoias.com.br\/escolhas\/wp-json\/wp\/v2\/types\/product"}],"wp:attachment":[{"href":"https:\/\/estiloromano.smartjoias.com.br\/escolhas\/wp-json\/wp\/v2\/media?parent=51313"}],"wp:term":[{"taxonomy":"product_cat","embeddable":true,"href":"https:\/\/estiloromano.smartjoias.com.br\/escolhas\/wp-json\/wp\/v2\/product_cat?post=51313"},{"taxonomy":"product_tag","embeddable":true,"href":"https:\/\/estiloromano.smartjoias.com.br\/escolhas\/wp-json\/wp\/v2\/product_tag?post=51313"}],"curies":[{"name":"wp","href":"https:\/\/api.w.org\/{rel}","templated":true}]}}