{"id":51347,"date":"2024-02-13T13:29:05","date_gmt":"2024-02-13T16:29:05","guid":{"rendered":"https:\/\/estiloromano.smartjoias.com.br\/escolhas\/shop\/sem categoria\/pulseira-elos-duplos-com-coracao-detalhado-pendente-banhado-a-prata\/"},"modified":"2024-09-22T21:09:27","modified_gmt":"2024-09-23T00:09:27","slug":"pulseira-elos-duplos-com-coracao-detalhado-pendente-banhado-a-prata","status":"publish","type":"product","link":"https:\/\/estiloromano.smartjoias.com.br\/escolhas\/shop\/sem-categoria\/pulseira-elos-duplos-com-coracao-detalhado-pendente-banhado-a-prata\/","title":{"rendered":"Pulseira Elos Duplos com Cora\u00e7\u00e3o Detalhado Pendente &#8211; Banhado a Prata"},"content":{"rendered":"<p>Pulseira Elos Duplos com Cora\u00e7\u00e3o Detalhado Pendente &#8211; Banhado a Prata<\/p>\n","protected":false},"excerpt":{"rendered":"<p>Pulseira Elos Duplos com Cora\u00e7\u00e3o Detalhado Pendente &#8211; Banhado a Prata<\/p>\n","protected":false},"featured_media":0,"template":"","meta":[],"product_cat":[2480],"product_tag":[],"class_list":{"0":"post-51347","1":"product","2":"type-product","3":"status-publish","5":"product_cat-sem-categoria","7":"first","8":"instock","9":"shipping-taxable","10":"purchasable","11":"product-type-simple"},"_links":{"self":[{"href":"https:\/\/estiloromano.smartjoias.com.br\/escolhas\/wp-json\/wp\/v2\/product\/51347","targetHints":{"allow":["GET"]}}],"collection":[{"href":"https:\/\/estiloromano.smartjoias.com.br\/escolhas\/wp-json\/wp\/v2\/product"}],"about":[{"href":"https:\/\/estiloromano.smartjoias.com.br\/escolhas\/wp-json\/wp\/v2\/types\/product"}],"wp:attachment":[{"href":"https:\/\/estiloromano.smartjoias.com.br\/escolhas\/wp-json\/wp\/v2\/media?parent=51347"}],"wp:term":[{"taxonomy":"product_cat","embeddable":true,"href":"https:\/\/estiloromano.smartjoias.com.br\/escolhas\/wp-json\/wp\/v2\/product_cat?post=51347"},{"taxonomy":"product_tag","embeddable":true,"href":"https:\/\/estiloromano.smartjoias.com.br\/escolhas\/wp-json\/wp\/v2\/product_tag?post=51347"}],"curies":[{"name":"wp","href":"https:\/\/api.w.org\/{rel}","templated":true}]}}