{"id":51364,"date":"2024-02-13T13:30:03","date_gmt":"2024-02-13T16:30:03","guid":{"rendered":"https:\/\/estiloromano.smartjoias.com.br\/escolhas\/shop\/sem categoria\/colar-relicario-coracao-detalhado-pequeno-banhado-a-prata\/"},"modified":"2024-09-22T21:09:54","modified_gmt":"2024-09-23T00:09:54","slug":"colar-relicario-coracao-detalhado-pequeno-banhado-a-prata","status":"publish","type":"product","link":"https:\/\/estiloromano.smartjoias.com.br\/escolhas\/shop\/sem-categoria\/colar-relicario-coracao-detalhado-pequeno-banhado-a-prata\/","title":{"rendered":"Colar Relic\u00e1rio Cora\u00e7\u00e3o Detalhado Pequeno &#8211; Banhado a Prata"},"content":{"rendered":"<p>Colar Relic\u00e1rio Cora\u00e7\u00e3o Detalhado Pequeno &#8211; Banhado a Prata<\/p>\n","protected":false},"excerpt":{"rendered":"<p>Colar Relic\u00e1rio Cora\u00e7\u00e3o Detalhado Pequeno &#8211; Banhado a Prata<\/p>\n","protected":false},"featured_media":0,"template":"","meta":[],"product_cat":[2480],"product_tag":[],"class_list":{"0":"post-51364","1":"product","2":"type-product","3":"status-publish","5":"product_cat-sem-categoria","7":"first","8":"instock","9":"shipping-taxable","10":"purchasable","11":"product-type-simple"},"_links":{"self":[{"href":"https:\/\/estiloromano.smartjoias.com.br\/escolhas\/wp-json\/wp\/v2\/product\/51364","targetHints":{"allow":["GET"]}}],"collection":[{"href":"https:\/\/estiloromano.smartjoias.com.br\/escolhas\/wp-json\/wp\/v2\/product"}],"about":[{"href":"https:\/\/estiloromano.smartjoias.com.br\/escolhas\/wp-json\/wp\/v2\/types\/product"}],"wp:attachment":[{"href":"https:\/\/estiloromano.smartjoias.com.br\/escolhas\/wp-json\/wp\/v2\/media?parent=51364"}],"wp:term":[{"taxonomy":"product_cat","embeddable":true,"href":"https:\/\/estiloromano.smartjoias.com.br\/escolhas\/wp-json\/wp\/v2\/product_cat?post=51364"},{"taxonomy":"product_tag","embeddable":true,"href":"https:\/\/estiloromano.smartjoias.com.br\/escolhas\/wp-json\/wp\/v2\/product_tag?post=51364"}],"curies":[{"name":"wp","href":"https:\/\/api.w.org\/{rel}","templated":true}]}}