{"id":51631,"date":"2024-03-04T10:44:45","date_gmt":"2024-03-04T13:44:45","guid":{"rendered":"https:\/\/estiloromano.smartjoias.com.br\/escolhas\/shop\/sem%20categoria\/brinco-argolinha-coracao-ponto-de-luz-rose-banhado-a-ouro\/"},"modified":"2024-11-14T21:08:51","modified_gmt":"2024-11-15T00:08:51","slug":"brinco-argolinha-coracao-ponto-de-luz-rose-banhado-a-ouro","status":"publish","type":"product","link":"https:\/\/estiloromano.smartjoias.com.br\/escolhas\/shop\/sem-categoria\/brinco-argolinha-coracao-ponto-de-luz-rose-banhado-a-ouro\/","title":{"rendered":"Brinco Argolinha Cora\u00e7\u00e3o Ponto de Luz Rose &#8211; Banhado a Ouro"},"content":{"rendered":"<p>Brinco Argolinha Cora\u00e7\u00e3o Ponto de Luz Lavanda &#8211; Banhado a Ouro<\/p>\n","protected":false},"excerpt":{"rendered":"<p>Brinco Argolinha Cora\u00e7\u00e3o Ponto de Luz Lavanda &#8211; Banhado a Ouro<\/p>\n","protected":false},"featured_media":0,"template":"","meta":[],"product_cat":[2480],"product_tag":[],"class_list":{"0":"post-51631","1":"product","2":"type-product","3":"status-publish","5":"product_cat-sem-categoria","7":"first","8":"instock","9":"shipping-taxable","10":"purchasable","11":"product-type-simple"},"_links":{"self":[{"href":"https:\/\/estiloromano.smartjoias.com.br\/escolhas\/wp-json\/wp\/v2\/product\/51631","targetHints":{"allow":["GET"]}}],"collection":[{"href":"https:\/\/estiloromano.smartjoias.com.br\/escolhas\/wp-json\/wp\/v2\/product"}],"about":[{"href":"https:\/\/estiloromano.smartjoias.com.br\/escolhas\/wp-json\/wp\/v2\/types\/product"}],"wp:attachment":[{"href":"https:\/\/estiloromano.smartjoias.com.br\/escolhas\/wp-json\/wp\/v2\/media?parent=51631"}],"wp:term":[{"taxonomy":"product_cat","embeddable":true,"href":"https:\/\/estiloromano.smartjoias.com.br\/escolhas\/wp-json\/wp\/v2\/product_cat?post=51631"},{"taxonomy":"product_tag","embeddable":true,"href":"https:\/\/estiloromano.smartjoias.com.br\/escolhas\/wp-json\/wp\/v2\/product_tag?post=51631"}],"curies":[{"name":"wp","href":"https:\/\/api.w.org\/{rel}","templated":true}]}}