{"id":51701,"date":"2024-03-05T19:29:51","date_gmt":"2024-03-05T22:29:51","guid":{"rendered":"https:\/\/estiloromano.smartjoias.com.br\/escolhas\/shop\/sem categoria\/anel-solitario-delicado-com-microzirconias-banhado-a-ouro-tamanho17\/"},"modified":"2024-11-14T21:04:22","modified_gmt":"2024-11-15T00:04:22","slug":"anel-solitario-delicado-com-microzirconias-banhado-a-ouro-tamanho17","status":"publish","type":"product","link":"https:\/\/estiloromano.smartjoias.com.br\/escolhas\/shop\/sem-categoria\/anel-solitario-delicado-com-microzirconias-banhado-a-ouro-tamanho17\/","title":{"rendered":"Anel Solit\u00e1rio Delicado com Microzirc\u00f4nias &#8211; Banhado a Ouro Tamanho:17"},"content":{"rendered":"<p>Anel Solit\u00e1rio Delicado com Microzirc\u00f4nias &#8211; Banhado a Ouro Tamanho:17<\/p>\n","protected":false},"excerpt":{"rendered":"<p>Anel Solit\u00e1rio Delicado com Microzirc\u00f4nias &#8211; Banhado a Ouro Tamanho:17<\/p>\n","protected":false},"featured_media":104378,"template":"","meta":[],"product_cat":[2480],"product_tag":[],"class_list":{"0":"post-51701","1":"product","2":"type-product","3":"status-publish","4":"has-post-thumbnail","6":"product_cat-sem-categoria","8":"first","9":"instock","10":"shipping-taxable","11":"purchasable","12":"product-type-simple"},"fifu_image_url":"https:\/\/orgbling.s3.amazonaws.com\/25e28644d5bc765187a98d9415eab57d\/6ac575fcd9b4b81363131107e128f8e4?AWSAccessKeyId=AKIATCLMSGFX4J7TU445&Expires=1732233698&Signature=bF8fF2j3w%2Ffe0e3GOXPZtQP4NDs%3D","_links":{"self":[{"href":"https:\/\/estiloromano.smartjoias.com.br\/escolhas\/wp-json\/wp\/v2\/product\/51701","targetHints":{"allow":["GET"]}}],"collection":[{"href":"https:\/\/estiloromano.smartjoias.com.br\/escolhas\/wp-json\/wp\/v2\/product"}],"about":[{"href":"https:\/\/estiloromano.smartjoias.com.br\/escolhas\/wp-json\/wp\/v2\/types\/product"}],"wp:featuredmedia":[{"embeddable":true,"href":"https:\/\/estiloromano.smartjoias.com.br\/escolhas\/wp-json\/wp\/v2\/media\/104378"}],"wp:attachment":[{"href":"https:\/\/estiloromano.smartjoias.com.br\/escolhas\/wp-json\/wp\/v2\/media?parent=51701"}],"wp:term":[{"taxonomy":"product_cat","embeddable":true,"href":"https:\/\/estiloromano.smartjoias.com.br\/escolhas\/wp-json\/wp\/v2\/product_cat?post=51701"},{"taxonomy":"product_tag","embeddable":true,"href":"https:\/\/estiloromano.smartjoias.com.br\/escolhas\/wp-json\/wp\/v2\/product_tag?post=51701"}],"curies":[{"name":"wp","href":"https:\/\/api.w.org\/{rel}","templated":true}]}}