{"id":51715,"date":"2024-03-05T19:38:50","date_gmt":"2024-03-05T22:38:50","guid":{"rendered":"https:\/\/estiloromano.smartjoias.com.br\/escolhas\/shop\/sem categoria\/anel-solitario-zirconia-e-coracao-com-microzirconias-banhado-a-ouro-tamanho19\/"},"modified":"2024-11-14T21:04:48","modified_gmt":"2024-11-15T00:04:48","slug":"anel-solitario-zirconia-e-coracao-com-microzirconias-banhado-a-ouro-tamanho19","status":"publish","type":"product","link":"https:\/\/estiloromano.smartjoias.com.br\/escolhas\/shop\/sem-categoria\/anel-solitario-zirconia-e-coracao-com-microzirconias-banhado-a-ouro-tamanho19\/","title":{"rendered":"Anel Solit\u00e1rio Zirc\u00f4nia e Cora\u00e7\u00e3o com Microzirc\u00f4nias &#8211; Banhado a Ouro Tamanho:19"},"content":{"rendered":"<p>Anel Solit\u00e1rio Zirc\u00f4nia e Cora\u00e7\u00e3o com Microzirc\u00f4nias &#8211; Banhado a Ouro Tamanho:19<\/p>\n","protected":false},"excerpt":{"rendered":"<p>Anel Solit\u00e1rio Zirc\u00f4nia e Cora\u00e7\u00e3o com Microzirc\u00f4nias &#8211; Banhado a Ouro Tamanho:19<\/p>\n","protected":false},"featured_media":104392,"template":"","meta":[],"product_cat":[2480],"product_tag":[],"class_list":{"0":"post-51715","1":"product","2":"type-product","3":"status-publish","4":"has-post-thumbnail","6":"product_cat-sem-categoria","8":"first","9":"instock","10":"shipping-taxable","11":"purchasable","12":"product-type-simple"},"fifu_image_url":"https:\/\/orgbling.s3.amazonaws.com\/25e28644d5bc765187a98d9415eab57d\/70a2fcf9ca2491a392e533da9fe274f7?AWSAccessKeyId=AKIATCLMSGFX4J7TU445&Expires=1732233875&Signature=UcY%2BtfWkcqhAuiB59z4YaAQgFUA%3D","_links":{"self":[{"href":"https:\/\/estiloromano.smartjoias.com.br\/escolhas\/wp-json\/wp\/v2\/product\/51715","targetHints":{"allow":["GET"]}}],"collection":[{"href":"https:\/\/estiloromano.smartjoias.com.br\/escolhas\/wp-json\/wp\/v2\/product"}],"about":[{"href":"https:\/\/estiloromano.smartjoias.com.br\/escolhas\/wp-json\/wp\/v2\/types\/product"}],"wp:featuredmedia":[{"embeddable":true,"href":"https:\/\/estiloromano.smartjoias.com.br\/escolhas\/wp-json\/wp\/v2\/media\/104392"}],"wp:attachment":[{"href":"https:\/\/estiloromano.smartjoias.com.br\/escolhas\/wp-json\/wp\/v2\/media?parent=51715"}],"wp:term":[{"taxonomy":"product_cat","embeddable":true,"href":"https:\/\/estiloromano.smartjoias.com.br\/escolhas\/wp-json\/wp\/v2\/product_cat?post=51715"},{"taxonomy":"product_tag","embeddable":true,"href":"https:\/\/estiloromano.smartjoias.com.br\/escolhas\/wp-json\/wp\/v2\/product_tag?post=51715"}],"curies":[{"name":"wp","href":"https:\/\/api.w.org\/{rel}","templated":true}]}}