{"id":51733,"date":"2024-03-05T19:41:14","date_gmt":"2024-03-05T22:41:14","guid":{"rendered":"https:\/\/estiloromano.smartjoias.com.br\/escolhas\/shop\/sem categoria\/anel-meia-alianca-zirconias-cristais-banhado-a-ouro-tamanho17\/"},"modified":"2024-11-14T21:05:23","modified_gmt":"2024-11-15T00:05:23","slug":"anel-meia-alianca-zirconias-cristais-banhado-a-ouro-tamanho17","status":"publish","type":"product","link":"https:\/\/estiloromano.smartjoias.com.br\/escolhas\/shop\/sem-categoria\/anel-meia-alianca-zirconias-cristais-banhado-a-ouro-tamanho17\/","title":{"rendered":"Anel Meia Alian\u00e7a Zirc\u00f4nias Cristais &#8211; Banhado a Ouro Tamanho:17"},"content":{"rendered":"<p>Anel Meia Alian\u00e7a Zirc\u00f4nias Cristais &#8211; Banhado a Ouro Tamanho:17<\/p>\n","protected":false},"excerpt":{"rendered":"<p>Anel Meia Alian\u00e7a Zirc\u00f4nias Cristais &#8211; Banhado a Ouro Tamanho:17<\/p>\n","protected":false},"featured_media":104410,"template":"","meta":[],"product_cat":[2480],"product_tag":[],"class_list":{"0":"post-51733","1":"product","2":"type-product","3":"status-publish","4":"has-post-thumbnail","6":"product_cat-sem-categoria","8":"first","9":"instock","10":"shipping-taxable","11":"purchasable","12":"product-type-simple"},"fifu_image_url":"https:\/\/orgbling.s3.amazonaws.com\/25e28644d5bc765187a98d9415eab57d\/a53b1faf0c1d3890ccdd416732277f08?AWSAccessKeyId=AKIATCLMSGFX4J7TU445&Expires=1732233875&Signature=TG2jSqwpZarS7zxvydpoUMzW0m8%3D","_links":{"self":[{"href":"https:\/\/estiloromano.smartjoias.com.br\/escolhas\/wp-json\/wp\/v2\/product\/51733","targetHints":{"allow":["GET"]}}],"collection":[{"href":"https:\/\/estiloromano.smartjoias.com.br\/escolhas\/wp-json\/wp\/v2\/product"}],"about":[{"href":"https:\/\/estiloromano.smartjoias.com.br\/escolhas\/wp-json\/wp\/v2\/types\/product"}],"wp:featuredmedia":[{"embeddable":true,"href":"https:\/\/estiloromano.smartjoias.com.br\/escolhas\/wp-json\/wp\/v2\/media\/104410"}],"wp:attachment":[{"href":"https:\/\/estiloromano.smartjoias.com.br\/escolhas\/wp-json\/wp\/v2\/media?parent=51733"}],"wp:term":[{"taxonomy":"product_cat","embeddable":true,"href":"https:\/\/estiloromano.smartjoias.com.br\/escolhas\/wp-json\/wp\/v2\/product_cat?post=51733"},{"taxonomy":"product_tag","embeddable":true,"href":"https:\/\/estiloromano.smartjoias.com.br\/escolhas\/wp-json\/wp\/v2\/product_tag?post=51733"}],"curies":[{"name":"wp","href":"https:\/\/api.w.org\/{rel}","templated":true}]}}