{"id":51858,"date":"2024-03-05T20:00:34","date_gmt":"2024-03-05T23:00:34","guid":{"rendered":"https:\/\/estiloromano.smartjoias.com.br\/escolhas\/shop\/sem categoria\/colar-coracao-mae-banhado-a-rodio-branco\/"},"modified":"2024-11-14T21:03:27","modified_gmt":"2024-11-15T00:03:27","slug":"colar-coracao-mae-banhado-a-rodio-branco","status":"publish","type":"product","link":"https:\/\/estiloromano.smartjoias.com.br\/escolhas\/shop\/sem-categoria\/colar-coracao-mae-banhado-a-rodio-branco\/","title":{"rendered":"Colar Cora\u00e7\u00e3o M\u00e3e &#8211; Banhado a R\u00f3dio Branco"},"content":{"rendered":"<p>Colar Cora\u00e7\u00e3o M\u00e3e &#8211; Banhado a R\u00f3dio Branco<\/p>\n","protected":false},"excerpt":{"rendered":"<p>Colar Cora\u00e7\u00e3o M\u00e3e &#8211; Banhado a R\u00f3dio Branco<\/p>\n","protected":false},"featured_media":104349,"template":"","meta":[],"product_cat":[2480],"product_tag":[],"class_list":{"0":"post-51858","1":"product","2":"type-product","3":"status-publish","4":"has-post-thumbnail","6":"product_cat-sem-categoria","8":"first","9":"instock","10":"shipping-taxable","11":"purchasable","12":"product-type-simple"},"fifu_image_url":"https:\/\/orgbling.s3.amazonaws.com\/25e28644d5bc765187a98d9415eab57d\/61d99f75710053386ce83999b62d2093?AWSAccessKeyId=AKIATCLMSGFX4J7TU445&Expires=1732233698&Signature=FMK96IvXkDv6I9E8T7Yx3kMsLkw%3D","_links":{"self":[{"href":"https:\/\/estiloromano.smartjoias.com.br\/escolhas\/wp-json\/wp\/v2\/product\/51858","targetHints":{"allow":["GET"]}}],"collection":[{"href":"https:\/\/estiloromano.smartjoias.com.br\/escolhas\/wp-json\/wp\/v2\/product"}],"about":[{"href":"https:\/\/estiloromano.smartjoias.com.br\/escolhas\/wp-json\/wp\/v2\/types\/product"}],"wp:featuredmedia":[{"embeddable":true,"href":"https:\/\/estiloromano.smartjoias.com.br\/escolhas\/wp-json\/wp\/v2\/media\/104349"}],"wp:attachment":[{"href":"https:\/\/estiloromano.smartjoias.com.br\/escolhas\/wp-json\/wp\/v2\/media?parent=51858"}],"wp:term":[{"taxonomy":"product_cat","embeddable":true,"href":"https:\/\/estiloromano.smartjoias.com.br\/escolhas\/wp-json\/wp\/v2\/product_cat?post=51858"},{"taxonomy":"product_tag","embeddable":true,"href":"https:\/\/estiloromano.smartjoias.com.br\/escolhas\/wp-json\/wp\/v2\/product_tag?post=51858"}],"curies":[{"name":"wp","href":"https:\/\/api.w.org\/{rel}","templated":true}]}}