{"id":51885,"date":"2024-03-05T20:02:21","date_gmt":"2024-03-05T23:02:21","guid":{"rendered":"https:\/\/estiloromano.smartjoias.com.br\/escolhas\/shop\/sem categoria\/anel-solitario-delicado-com-microzirconias-banhado-a-ouro-tamanho25\/"},"modified":"2024-11-14T21:04:08","modified_gmt":"2024-11-15T00:04:08","slug":"anel-solitario-delicado-com-microzirconias-banhado-a-ouro-tamanho25","status":"publish","type":"product","link":"https:\/\/estiloromano.smartjoias.com.br\/escolhas\/shop\/sem-categoria\/anel-solitario-delicado-com-microzirconias-banhado-a-ouro-tamanho25\/","title":{"rendered":"Anel Solit\u00e1rio Delicado com Microzirc\u00f4nias &#8211; Banhado a Ouro Tamanho:25"},"content":{"rendered":"<p>Anel Solit\u00e1rio Delicado com Microzirc\u00f4nias &#8211; Banhado a Ouro Tamanho:25<\/p>\n","protected":false},"excerpt":{"rendered":"<p>Anel Solit\u00e1rio Delicado com Microzirc\u00f4nias &#8211; Banhado a Ouro Tamanho:25<\/p>\n","protected":false},"featured_media":104370,"template":"","meta":[],"product_cat":[2480],"product_tag":[],"class_list":{"0":"post-51885","1":"product","2":"type-product","3":"status-publish","4":"has-post-thumbnail","6":"product_cat-sem-categoria","8":"first","9":"instock","10":"shipping-taxable","11":"purchasable","12":"product-type-simple"},"fifu_image_url":"https:\/\/orgbling.s3.amazonaws.com\/25e28644d5bc765187a98d9415eab57d\/6ac575fcd9b4b81363131107e128f8e4?AWSAccessKeyId=AKIATCLMSGFX4J7TU445&Expires=1732233698&Signature=bF8fF2j3w%2Ffe0e3GOXPZtQP4NDs%3D","_links":{"self":[{"href":"https:\/\/estiloromano.smartjoias.com.br\/escolhas\/wp-json\/wp\/v2\/product\/51885","targetHints":{"allow":["GET"]}}],"collection":[{"href":"https:\/\/estiloromano.smartjoias.com.br\/escolhas\/wp-json\/wp\/v2\/product"}],"about":[{"href":"https:\/\/estiloromano.smartjoias.com.br\/escolhas\/wp-json\/wp\/v2\/types\/product"}],"wp:featuredmedia":[{"embeddable":true,"href":"https:\/\/estiloromano.smartjoias.com.br\/escolhas\/wp-json\/wp\/v2\/media\/104370"}],"wp:attachment":[{"href":"https:\/\/estiloromano.smartjoias.com.br\/escolhas\/wp-json\/wp\/v2\/media?parent=51885"}],"wp:term":[{"taxonomy":"product_cat","embeddable":true,"href":"https:\/\/estiloromano.smartjoias.com.br\/escolhas\/wp-json\/wp\/v2\/product_cat?post=51885"},{"taxonomy":"product_tag","embeddable":true,"href":"https:\/\/estiloromano.smartjoias.com.br\/escolhas\/wp-json\/wp\/v2\/product_tag?post=51885"}],"curies":[{"name":"wp","href":"https:\/\/api.w.org\/{rel}","templated":true}]}}