{"id":51898,"date":"2024-03-12T05:14:01","date_gmt":"2024-03-12T08:14:01","guid":{"rendered":"https:\/\/estiloromano.smartjoias.com.br\/escolhas\/shop\/sem categoria\/choker-elos-coracoes-banhado-a-prata\/"},"modified":"2024-11-14T21:01:53","modified_gmt":"2024-11-15T00:01:53","slug":"choker-elos-coracoes-banhado-a-prata","status":"publish","type":"product","link":"https:\/\/estiloromano.smartjoias.com.br\/escolhas\/shop\/sem-categoria\/choker-elos-coracoes-banhado-a-prata\/","title":{"rendered":"Choker Elos Cora\u00e7\u00f5es &#8211; Banhado a Prata"},"content":{"rendered":"<p>Choker Elos Cora\u00e7\u00f5es &#8211; Banhado a Prata<\/p>\n","protected":false},"excerpt":{"rendered":"<p>Choker Elos Cora\u00e7\u00f5es &#8211; Banhado a Prata<\/p>\n","protected":false},"featured_media":104317,"template":"","meta":[],"product_cat":[2480],"product_tag":[],"class_list":{"0":"post-51898","1":"product","2":"type-product","3":"status-publish","4":"has-post-thumbnail","6":"product_cat-sem-categoria","8":"first","9":"instock","10":"shipping-taxable","11":"purchasable","12":"product-type-simple"},"fifu_image_url":"https:\/\/orgbling.s3.amazonaws.com\/25e28644d5bc765187a98d9415eab57d\/416d9828b3b02c1c1625545dade65e8b?AWSAccessKeyId=AKIATCLMSGFX4J7TU445&Expires=1732233698&Signature=tlsVM%2FR1txra4cML%2F5Uqx%2Flenn0%3D","_links":{"self":[{"href":"https:\/\/estiloromano.smartjoias.com.br\/escolhas\/wp-json\/wp\/v2\/product\/51898","targetHints":{"allow":["GET"]}}],"collection":[{"href":"https:\/\/estiloromano.smartjoias.com.br\/escolhas\/wp-json\/wp\/v2\/product"}],"about":[{"href":"https:\/\/estiloromano.smartjoias.com.br\/escolhas\/wp-json\/wp\/v2\/types\/product"}],"wp:featuredmedia":[{"embeddable":true,"href":"https:\/\/estiloromano.smartjoias.com.br\/escolhas\/wp-json\/wp\/v2\/media\/104317"}],"wp:attachment":[{"href":"https:\/\/estiloromano.smartjoias.com.br\/escolhas\/wp-json\/wp\/v2\/media?parent=51898"}],"wp:term":[{"taxonomy":"product_cat","embeddable":true,"href":"https:\/\/estiloromano.smartjoias.com.br\/escolhas\/wp-json\/wp\/v2\/product_cat?post=51898"},{"taxonomy":"product_tag","embeddable":true,"href":"https:\/\/estiloromano.smartjoias.com.br\/escolhas\/wp-json\/wp\/v2\/product_tag?post=51898"}],"curies":[{"name":"wp","href":"https:\/\/api.w.org\/{rel}","templated":true}]}}