{"id":51904,"date":"2024-03-12T05:15:47","date_gmt":"2024-03-12T08:15:47","guid":{"rendered":"https:\/\/estiloromano.smartjoias.com.br\/escolhas\/shop\/sem categoria\/colar-longo-60cm-elos-coracoes-banhado-a-rodio-branco\/"},"modified":"2024-11-14T21:01:59","modified_gmt":"2024-11-15T00:01:59","slug":"colar-longo-60cm-elos-coracoes-banhado-a-rodio-branco","status":"publish","type":"product","link":"https:\/\/estiloromano.smartjoias.com.br\/escolhas\/shop\/sem-categoria\/colar-longo-60cm-elos-coracoes-banhado-a-rodio-branco\/","title":{"rendered":"Colar Longo 60cm Elos Cora\u00e7\u00f5es &#8211; Banhado a R\u00f3dio Branco"},"content":{"rendered":"<p>Colar Longo 60cm Elos Cora\u00e7\u00f5es &#8211; Banhado a R\u00f3dio Branco<\/p>\n","protected":false},"excerpt":{"rendered":"<p>Colar Longo 60cm Elos Cora\u00e7\u00f5es &#8211; Banhado a R\u00f3dio Branco<\/p>\n","protected":false},"featured_media":104321,"template":"","meta":[],"product_cat":[2480],"product_tag":[],"class_list":{"0":"post-51904","1":"product","2":"type-product","3":"status-publish","4":"has-post-thumbnail","6":"product_cat-sem-categoria","8":"first","9":"instock","10":"shipping-taxable","11":"purchasable","12":"product-type-simple"},"fifu_image_url":"https:\/\/orgbling.s3.amazonaws.com\/25e28644d5bc765187a98d9415eab57d\/e396a3a225243ddd22a2ec44511af5a7?AWSAccessKeyId=AKIATCLMSGFX4J7TU445&Expires=1732233698&Signature=LDP9CRzGEd5qHG6rjGFjG%2BNylwI%3D","_links":{"self":[{"href":"https:\/\/estiloromano.smartjoias.com.br\/escolhas\/wp-json\/wp\/v2\/product\/51904","targetHints":{"allow":["GET"]}}],"collection":[{"href":"https:\/\/estiloromano.smartjoias.com.br\/escolhas\/wp-json\/wp\/v2\/product"}],"about":[{"href":"https:\/\/estiloromano.smartjoias.com.br\/escolhas\/wp-json\/wp\/v2\/types\/product"}],"wp:featuredmedia":[{"embeddable":true,"href":"https:\/\/estiloromano.smartjoias.com.br\/escolhas\/wp-json\/wp\/v2\/media\/104321"}],"wp:attachment":[{"href":"https:\/\/estiloromano.smartjoias.com.br\/escolhas\/wp-json\/wp\/v2\/media?parent=51904"}],"wp:term":[{"taxonomy":"product_cat","embeddable":true,"href":"https:\/\/estiloromano.smartjoias.com.br\/escolhas\/wp-json\/wp\/v2\/product_cat?post=51904"},{"taxonomy":"product_tag","embeddable":true,"href":"https:\/\/estiloromano.smartjoias.com.br\/escolhas\/wp-json\/wp\/v2\/product_tag?post=51904"}],"curies":[{"name":"wp","href":"https:\/\/api.w.org\/{rel}","templated":true}]}}