{"id":51906,"date":"2024-03-12T05:16:10","date_gmt":"2024-03-12T08:16:10","guid":{"rendered":"https:\/\/estiloromano.smartjoias.com.br\/escolhas\/shop\/sem categoria\/colar-longo-60cm-elos-coracoes-banhado-a-ouro\/"},"modified":"2024-11-14T21:02:01","modified_gmt":"2024-11-15T00:02:01","slug":"colar-longo-60cm-elos-coracoes-banhado-a-ouro","status":"publish","type":"product","link":"https:\/\/estiloromano.smartjoias.com.br\/escolhas\/shop\/sem-categoria\/colar-longo-60cm-elos-coracoes-banhado-a-ouro\/","title":{"rendered":"Colar Longo 60cm Elos Cora\u00e7\u00f5es &#8211; Banhado a Ouro"},"content":{"rendered":"<p>Colar Longo 60cm Elos Cora\u00e7\u00f5es &#8211; Banhado a Ouro<\/p>\n","protected":false},"excerpt":{"rendered":"<p>Colar Longo 60cm Elos Cora\u00e7\u00f5es &#8211; Banhado a Ouro<\/p>\n","protected":false},"featured_media":104322,"template":"","meta":[],"product_cat":[2480],"product_tag":[],"class_list":{"0":"post-51906","1":"product","2":"type-product","3":"status-publish","4":"has-post-thumbnail","6":"product_cat-sem-categoria","8":"first","9":"instock","10":"shipping-taxable","11":"purchasable","12":"product-type-simple"},"fifu_image_url":"https:\/\/orgbling.s3.amazonaws.com\/25e28644d5bc765187a98d9415eab57d\/a5d424f218530fd14c8961d72c9cb927?AWSAccessKeyId=AKIATCLMSGFX4J7TU445&Expires=1732233698&Signature=Boxf0ucFnsVkUWl9VoNFQfN6MK8%3D","_links":{"self":[{"href":"https:\/\/estiloromano.smartjoias.com.br\/escolhas\/wp-json\/wp\/v2\/product\/51906","targetHints":{"allow":["GET"]}}],"collection":[{"href":"https:\/\/estiloromano.smartjoias.com.br\/escolhas\/wp-json\/wp\/v2\/product"}],"about":[{"href":"https:\/\/estiloromano.smartjoias.com.br\/escolhas\/wp-json\/wp\/v2\/types\/product"}],"wp:featuredmedia":[{"embeddable":true,"href":"https:\/\/estiloromano.smartjoias.com.br\/escolhas\/wp-json\/wp\/v2\/media\/104322"}],"wp:attachment":[{"href":"https:\/\/estiloromano.smartjoias.com.br\/escolhas\/wp-json\/wp\/v2\/media?parent=51906"}],"wp:term":[{"taxonomy":"product_cat","embeddable":true,"href":"https:\/\/estiloromano.smartjoias.com.br\/escolhas\/wp-json\/wp\/v2\/product_cat?post=51906"},{"taxonomy":"product_tag","embeddable":true,"href":"https:\/\/estiloromano.smartjoias.com.br\/escolhas\/wp-json\/wp\/v2\/product_tag?post=51906"}],"curies":[{"name":"wp","href":"https:\/\/api.w.org\/{rel}","templated":true}]}}