{"id":51955,"date":"2024-03-12T05:23:48","date_gmt":"2024-03-12T08:23:48","guid":{"rendered":"https:\/\/estiloromano.smartjoias.com.br\/escolhas\/shop\/sem categoria\/colar-infantil-coracao-branco-e-vermelho-banhado-a-ouro\/"},"modified":"2024-11-14T21:03:01","modified_gmt":"2024-11-15T00:03:01","slug":"colar-infantil-coracao-branco-e-vermelho-banhado-a-ouro","status":"publish","type":"product","link":"https:\/\/estiloromano.smartjoias.com.br\/escolhas\/shop\/sem-categoria\/colar-infantil-coracao-branco-e-vermelho-banhado-a-ouro\/","title":{"rendered":"Colar Infantil Cora\u00e7\u00e3o Branco e Vermelho &#8211; Banhado a Ouro"},"content":{"rendered":"<p>Colar Infantil Cora\u00e7\u00e3o Branco e Vermelho &#8211; Banhado a Ouro<\/p>\n","protected":false},"excerpt":{"rendered":"<p>Colar Infantil Cora\u00e7\u00e3o Branco e Vermelho &#8211; Banhado a Ouro<\/p>\n","protected":false},"featured_media":104337,"template":"","meta":[],"product_cat":[2480],"product_tag":[],"class_list":{"0":"post-51955","1":"product","2":"type-product","3":"status-publish","4":"has-post-thumbnail","6":"product_cat-sem-categoria","8":"first","9":"instock","10":"shipping-taxable","11":"purchasable","12":"product-type-simple"},"fifu_image_url":"https:\/\/orgbling.s3.amazonaws.com\/25e28644d5bc765187a98d9415eab57d\/abc1c2aadfcb68fc390b1aab5c2612df?AWSAccessKeyId=AKIATCLMSGFX4J7TU445&Expires=1732233698&Signature=6aarxW6yBglH70yM1SdY9rCB04w%3D","_links":{"self":[{"href":"https:\/\/estiloromano.smartjoias.com.br\/escolhas\/wp-json\/wp\/v2\/product\/51955","targetHints":{"allow":["GET"]}}],"collection":[{"href":"https:\/\/estiloromano.smartjoias.com.br\/escolhas\/wp-json\/wp\/v2\/product"}],"about":[{"href":"https:\/\/estiloromano.smartjoias.com.br\/escolhas\/wp-json\/wp\/v2\/types\/product"}],"wp:featuredmedia":[{"embeddable":true,"href":"https:\/\/estiloromano.smartjoias.com.br\/escolhas\/wp-json\/wp\/v2\/media\/104337"}],"wp:attachment":[{"href":"https:\/\/estiloromano.smartjoias.com.br\/escolhas\/wp-json\/wp\/v2\/media?parent=51955"}],"wp:term":[{"taxonomy":"product_cat","embeddable":true,"href":"https:\/\/estiloromano.smartjoias.com.br\/escolhas\/wp-json\/wp\/v2\/product_cat?post=51955"},{"taxonomy":"product_tag","embeddable":true,"href":"https:\/\/estiloromano.smartjoias.com.br\/escolhas\/wp-json\/wp\/v2\/product_tag?post=51955"}],"curies":[{"name":"wp","href":"https:\/\/api.w.org\/{rel}","templated":true}]}}