{"id":51967,"date":"2024-03-12T05:24:11","date_gmt":"2024-03-12T08:24:11","guid":{"rendered":"https:\/\/estiloromano.smartjoias.com.br\/escolhas\/shop\/sem categoria\/brinco-infantil-argolinha-coracao-vermelho-banhado-a-ouro\/"},"modified":"2024-11-14T21:03:13","modified_gmt":"2024-11-15T00:03:13","slug":"brinco-infantil-argolinha-coracao-vermelho-banhado-a-ouro","status":"publish","type":"product","link":"https:\/\/estiloromano.smartjoias.com.br\/escolhas\/shop\/sem-categoria\/brinco-infantil-argolinha-coracao-vermelho-banhado-a-ouro\/","title":{"rendered":"Brinco Infantil Argolinha Cora\u00e7\u00e3o Vermelho &#8211; Banhado a Ouro"},"content":{"rendered":"<p>Brinco Infantil Argolinha Cora\u00e7\u00e3o Vermelho &#8211; Banhado a Ouro<\/p>\n","protected":false},"excerpt":{"rendered":"<p>Brinco Infantil Argolinha Cora\u00e7\u00e3o Vermelho &#8211; Banhado a Ouro<\/p>\n","protected":false},"featured_media":104343,"template":"","meta":[],"product_cat":[2480],"product_tag":[],"class_list":{"0":"post-51967","1":"product","2":"type-product","3":"status-publish","4":"has-post-thumbnail","6":"product_cat-sem-categoria","8":"first","9":"instock","10":"shipping-taxable","11":"purchasable","12":"product-type-simple"},"fifu_image_url":"https:\/\/orgbling.s3.amazonaws.com\/25e28644d5bc765187a98d9415eab57d\/a0aa19e292b14bea83df60191e6f9a07?AWSAccessKeyId=AKIATCLMSGFX4J7TU445&Expires=1732233698&Signature=InHKd%2FPOwsi4o0%2FytaisGjRPPYA%3D","_links":{"self":[{"href":"https:\/\/estiloromano.smartjoias.com.br\/escolhas\/wp-json\/wp\/v2\/product\/51967","targetHints":{"allow":["GET"]}}],"collection":[{"href":"https:\/\/estiloromano.smartjoias.com.br\/escolhas\/wp-json\/wp\/v2\/product"}],"about":[{"href":"https:\/\/estiloromano.smartjoias.com.br\/escolhas\/wp-json\/wp\/v2\/types\/product"}],"wp:featuredmedia":[{"embeddable":true,"href":"https:\/\/estiloromano.smartjoias.com.br\/escolhas\/wp-json\/wp\/v2\/media\/104343"}],"wp:attachment":[{"href":"https:\/\/estiloromano.smartjoias.com.br\/escolhas\/wp-json\/wp\/v2\/media?parent=51967"}],"wp:term":[{"taxonomy":"product_cat","embeddable":true,"href":"https:\/\/estiloromano.smartjoias.com.br\/escolhas\/wp-json\/wp\/v2\/product_cat?post=51967"},{"taxonomy":"product_tag","embeddable":true,"href":"https:\/\/estiloromano.smartjoias.com.br\/escolhas\/wp-json\/wp\/v2\/product_tag?post=51967"}],"curies":[{"name":"wp","href":"https:\/\/api.w.org\/{rel}","templated":true}]}}