{"id":52148,"date":"2024-03-19T13:23:37","date_gmt":"2024-03-19T16:23:37","guid":{"rendered":"https:\/\/estiloromano.smartjoias.com.br\/escolhas\/shop\/sem categoria\/colar-menino-zirconia-verde-agua-banhado-a-rodio-branco\/"},"modified":"2024-11-14T21:00:37","modified_gmt":"2024-11-15T00:00:37","slug":"colar-menino-zirconia-verde-agua-banhado-a-rodio-branco","status":"publish","type":"product","link":"https:\/\/estiloromano.smartjoias.com.br\/escolhas\/shop\/sem-categoria\/colar-menino-zirconia-verde-agua-banhado-a-rodio-branco\/","title":{"rendered":"Colar Menino Zirc\u00f4nia Verde \u00c1gua &#8211; Banhado a R\u00f3dio Branco"},"content":{"rendered":"<p>Colar Menino Zirc\u00f4nia Verde \u00c1gua &#8211; Banhado a R\u00f3dio Branco<\/p>\n","protected":false},"excerpt":{"rendered":"<p>Colar Menino Zirc\u00f4nia Verde \u00c1gua &#8211; Banhado a R\u00f3dio Branco<\/p>\n","protected":false},"featured_media":104206,"template":"","meta":[],"product_cat":[2480],"product_tag":[],"class_list":{"0":"post-52148","1":"product","2":"type-product","3":"status-publish","4":"has-post-thumbnail","6":"product_cat-sem-categoria","8":"first","9":"instock","10":"shipping-taxable","11":"purchasable","12":"product-type-simple"},"fifu_image_url":"https:\/\/orgbling.s3.amazonaws.com\/25e28644d5bc765187a98d9415eab57d\/ccf6ae76647f3524f8cedf7670863dde?AWSAccessKeyId=AKIATCLMSGFX4J7TU445&Expires=1732233503&Signature=I6Gkes9O%2B8YMCwJQMj%2ByuIotvnQ%3D","_links":{"self":[{"href":"https:\/\/estiloromano.smartjoias.com.br\/escolhas\/wp-json\/wp\/v2\/product\/52148","targetHints":{"allow":["GET"]}}],"collection":[{"href":"https:\/\/estiloromano.smartjoias.com.br\/escolhas\/wp-json\/wp\/v2\/product"}],"about":[{"href":"https:\/\/estiloromano.smartjoias.com.br\/escolhas\/wp-json\/wp\/v2\/types\/product"}],"wp:featuredmedia":[{"embeddable":true,"href":"https:\/\/estiloromano.smartjoias.com.br\/escolhas\/wp-json\/wp\/v2\/media\/104206"}],"wp:attachment":[{"href":"https:\/\/estiloromano.smartjoias.com.br\/escolhas\/wp-json\/wp\/v2\/media?parent=52148"}],"wp:term":[{"taxonomy":"product_cat","embeddable":true,"href":"https:\/\/estiloromano.smartjoias.com.br\/escolhas\/wp-json\/wp\/v2\/product_cat?post=52148"},{"taxonomy":"product_tag","embeddable":true,"href":"https:\/\/estiloromano.smartjoias.com.br\/escolhas\/wp-json\/wp\/v2\/product_tag?post=52148"}],"curies":[{"name":"wp","href":"https:\/\/api.w.org\/{rel}","templated":true}]}}