{"id":52152,"date":"2024-03-19T13:23:50","date_gmt":"2024-03-19T16:23:50","guid":{"rendered":"https:\/\/estiloromano.smartjoias.com.br\/escolhas\/shop\/sem categoria\/colar-elos-cartier-com-coracoes-banhado-a-ouro\/"},"modified":"2024-11-14T21:00:44","modified_gmt":"2024-11-15T00:00:44","slug":"colar-elos-cartier-com-coracoes-banhado-a-ouro","status":"publish","type":"product","link":"https:\/\/estiloromano.smartjoias.com.br\/escolhas\/shop\/sem-categoria\/colar-elos-cartier-com-coracoes-banhado-a-ouro\/","title":{"rendered":"Colar Elos Cartier com Cora\u00e7\u00f5es &#8211; Banhado a Ouro"},"content":{"rendered":"<p>Colar Elos Cartier com Cora\u00e7\u00f5es &#8211; Banhado a Ouro<\/p>\n","protected":false},"excerpt":{"rendered":"<p>Colar Elos Cartier com Cora\u00e7\u00f5es &#8211; Banhado a Ouro<\/p>\n","protected":false},"featured_media":104210,"template":"","meta":[],"product_cat":[2480],"product_tag":[],"class_list":{"0":"post-52152","1":"product","2":"type-product","3":"status-publish","4":"has-post-thumbnail","6":"product_cat-sem-categoria","8":"first","9":"instock","10":"shipping-taxable","11":"purchasable","12":"product-type-simple"},"fifu_image_url":"https:\/\/orgbling.s3.amazonaws.com\/25e28644d5bc765187a98d9415eab57d\/bce91b51f877709c940a32f03a29a777?AWSAccessKeyId=AKIATCLMSGFX4J7TU445&Expires=1732233503&Signature=O1%2FSmfDNnGmw2pMQadB3UqdeIHM%3D","_links":{"self":[{"href":"https:\/\/estiloromano.smartjoias.com.br\/escolhas\/wp-json\/wp\/v2\/product\/52152","targetHints":{"allow":["GET"]}}],"collection":[{"href":"https:\/\/estiloromano.smartjoias.com.br\/escolhas\/wp-json\/wp\/v2\/product"}],"about":[{"href":"https:\/\/estiloromano.smartjoias.com.br\/escolhas\/wp-json\/wp\/v2\/types\/product"}],"wp:featuredmedia":[{"embeddable":true,"href":"https:\/\/estiloromano.smartjoias.com.br\/escolhas\/wp-json\/wp\/v2\/media\/104210"}],"wp:attachment":[{"href":"https:\/\/estiloromano.smartjoias.com.br\/escolhas\/wp-json\/wp\/v2\/media?parent=52152"}],"wp:term":[{"taxonomy":"product_cat","embeddable":true,"href":"https:\/\/estiloromano.smartjoias.com.br\/escolhas\/wp-json\/wp\/v2\/product_cat?post=52152"},{"taxonomy":"product_tag","embeddable":true,"href":"https:\/\/estiloromano.smartjoias.com.br\/escolhas\/wp-json\/wp\/v2\/product_tag?post=52152"}],"curies":[{"name":"wp","href":"https:\/\/api.w.org\/{rel}","templated":true}]}}