{"id":52166,"date":"2024-03-19T13:24:42","date_gmt":"2024-03-19T16:24:42","guid":{"rendered":"https:\/\/estiloromano.smartjoias.com.br\/escolhas\/shop\/sem%20categoria\/colar-menina-zirconia-cristal-banhado-a-prata\/"},"modified":"2024-11-14T21:01:11","modified_gmt":"2024-11-15T00:01:11","slug":"colar-menina-zirconia-cristal-banhado-a-prata","status":"publish","type":"product","link":"https:\/\/estiloromano.smartjoias.com.br\/escolhas\/shop\/sem-categoria\/colar-menina-zirconia-cristal-banhado-a-prata\/","title":{"rendered":"Colar Menina Zirc\u00f4nia Cristal &#8211; Banhado a Prata"},"content":{"rendered":"<p>Colar Menino Zirc\u00f4nia Cristal &#8211; Banhado a R\u00f3dio Branco<\/p>\n","protected":false},"excerpt":{"rendered":"<p>Colar Menino Zirc\u00f4nia Cristal &#8211; Banhado a R\u00f3dio Branco<\/p>\n","protected":false},"featured_media":104223,"template":"","meta":[],"product_cat":[2480],"product_tag":[],"class_list":{"0":"post-52166","1":"product","2":"type-product","3":"status-publish","4":"has-post-thumbnail","6":"product_cat-sem-categoria","8":"first","9":"instock","10":"shipping-taxable","11":"purchasable","12":"product-type-simple"},"fifu_image_url":"https:\/\/orgbling.s3.amazonaws.com\/25e28644d5bc765187a98d9415eab57d\/08f4d736e53ece4571e0ad74bd93e2c4?AWSAccessKeyId=AKIATCLMSGFX4J7TU445&Expires=1732233503&Signature=8BhJSRNURiMmC%2F%2BGPI%2BxfUNZtdk%3D","_links":{"self":[{"href":"https:\/\/estiloromano.smartjoias.com.br\/escolhas\/wp-json\/wp\/v2\/product\/52166","targetHints":{"allow":["GET"]}}],"collection":[{"href":"https:\/\/estiloromano.smartjoias.com.br\/escolhas\/wp-json\/wp\/v2\/product"}],"about":[{"href":"https:\/\/estiloromano.smartjoias.com.br\/escolhas\/wp-json\/wp\/v2\/types\/product"}],"wp:featuredmedia":[{"embeddable":true,"href":"https:\/\/estiloromano.smartjoias.com.br\/escolhas\/wp-json\/wp\/v2\/media\/104223"}],"wp:attachment":[{"href":"https:\/\/estiloromano.smartjoias.com.br\/escolhas\/wp-json\/wp\/v2\/media?parent=52166"}],"wp:term":[{"taxonomy":"product_cat","embeddable":true,"href":"https:\/\/estiloromano.smartjoias.com.br\/escolhas\/wp-json\/wp\/v2\/product_cat?post=52166"},{"taxonomy":"product_tag","embeddable":true,"href":"https:\/\/estiloromano.smartjoias.com.br\/escolhas\/wp-json\/wp\/v2\/product_tag?post=52166"}],"curies":[{"name":"wp","href":"https:\/\/api.w.org\/{rel}","templated":true}]}}