{"id":52177,"date":"2024-03-19T13:25:24","date_gmt":"2024-03-19T16:25:24","guid":{"rendered":"https:\/\/estiloromano.smartjoias.com.br\/escolhas\/shop\/sem%20categoria\/colar-pingentes-cruz-sao-bento-e-pai-nosso-banhado-a-ouro\/"},"modified":"2024-11-14T21:01:30","modified_gmt":"2024-11-15T00:01:30","slug":"colar-pingentes-cruz-sao-bento-e-pai-nosso-banhado-a-ouro","status":"publish","type":"product","link":"https:\/\/estiloromano.smartjoias.com.br\/escolhas\/shop\/sem-categoria\/colar-pingentes-cruz-sao-bento-e-pai-nosso-banhado-a-ouro\/","title":{"rendered":"Colar Pingentes Cruz S\u00e3o Bento e Pai Nosso &#8211; Banhado a Ouro"},"content":{"rendered":"<p>Colar Patu\u00e1 Pingentes Cruz S\u00e3o Bento e Pai Nosso &#8211; Banhado a Ouro<\/p>\n","protected":false},"excerpt":{"rendered":"<p>Colar Patu\u00e1 Pingentes Cruz S\u00e3o Bento e Pai Nosso &#8211; Banhado a Ouro<\/p>\n","protected":false},"featured_media":104233,"template":"","meta":[],"product_cat":[2480],"product_tag":[],"class_list":{"0":"post-52177","1":"product","2":"type-product","3":"status-publish","4":"has-post-thumbnail","6":"product_cat-sem-categoria","8":"first","9":"instock","10":"shipping-taxable","11":"purchasable","12":"product-type-simple"},"fifu_image_url":"https:\/\/orgbling.s3.amazonaws.com\/25e28644d5bc765187a98d9415eab57d\/b2676ce4d592051bb5e5c00b9cf9166c?AWSAccessKeyId=AKIATCLMSGFX4J7TU445&Expires=1732233503&Signature=vk%2BoaXuj3nAPSasGtoQi6F%2BLKtI%3D","_links":{"self":[{"href":"https:\/\/estiloromano.smartjoias.com.br\/escolhas\/wp-json\/wp\/v2\/product\/52177","targetHints":{"allow":["GET"]}}],"collection":[{"href":"https:\/\/estiloromano.smartjoias.com.br\/escolhas\/wp-json\/wp\/v2\/product"}],"about":[{"href":"https:\/\/estiloromano.smartjoias.com.br\/escolhas\/wp-json\/wp\/v2\/types\/product"}],"wp:featuredmedia":[{"embeddable":true,"href":"https:\/\/estiloromano.smartjoias.com.br\/escolhas\/wp-json\/wp\/v2\/media\/104233"}],"wp:attachment":[{"href":"https:\/\/estiloromano.smartjoias.com.br\/escolhas\/wp-json\/wp\/v2\/media?parent=52177"}],"wp:term":[{"taxonomy":"product_cat","embeddable":true,"href":"https:\/\/estiloromano.smartjoias.com.br\/escolhas\/wp-json\/wp\/v2\/product_cat?post=52177"},{"taxonomy":"product_tag","embeddable":true,"href":"https:\/\/estiloromano.smartjoias.com.br\/escolhas\/wp-json\/wp\/v2\/product_tag?post=52177"}],"curies":[{"name":"wp","href":"https:\/\/api.w.org\/{rel}","templated":true}]}}