{"id":52181,"date":"2024-03-19T13:25:39","date_gmt":"2024-03-19T16:25:39","guid":{"rendered":"https:\/\/estiloromano.smartjoias.com.br\/escolhas\/shop\/sem categoria\/tornozeleira-elos-coracoes-banhado-a-prata\/"},"modified":"2024-11-14T21:01:37","modified_gmt":"2024-11-15T00:01:37","slug":"tornozeleira-elos-coracoes-banhado-a-prata","status":"publish","type":"product","link":"https:\/\/estiloromano.smartjoias.com.br\/escolhas\/shop\/sem-categoria\/tornozeleira-elos-coracoes-banhado-a-prata\/","title":{"rendered":"Tornozeleira Elos Cora\u00e7\u00f5es &#8211; Banhado a Prata"},"content":{"rendered":"<p>Tornozeleira Elos Cora\u00e7\u00f5es &#8211; Banhado a Prata<\/p>\n","protected":false},"excerpt":{"rendered":"<p>Tornozeleira Elos Cora\u00e7\u00f5es &#8211; Banhado a Prata<\/p>\n","protected":false},"featured_media":104237,"template":"","meta":[],"product_cat":[2480],"product_tag":[],"class_list":{"0":"post-52181","1":"product","2":"type-product","3":"status-publish","4":"has-post-thumbnail","6":"product_cat-sem-categoria","8":"first","9":"instock","10":"shipping-taxable","11":"purchasable","12":"product-type-simple"},"fifu_image_url":"https:\/\/orgbling.s3.amazonaws.com\/25e28644d5bc765187a98d9415eab57d\/9d744e5172b30531b0ee4de769fcc0f9?AWSAccessKeyId=AKIATCLMSGFX4J7TU445&Expires=1732233503&Signature=b5L%2F28RnTntZASbcdfK%2F0Sa8H6k%3D","_links":{"self":[{"href":"https:\/\/estiloromano.smartjoias.com.br\/escolhas\/wp-json\/wp\/v2\/product\/52181","targetHints":{"allow":["GET"]}}],"collection":[{"href":"https:\/\/estiloromano.smartjoias.com.br\/escolhas\/wp-json\/wp\/v2\/product"}],"about":[{"href":"https:\/\/estiloromano.smartjoias.com.br\/escolhas\/wp-json\/wp\/v2\/types\/product"}],"wp:featuredmedia":[{"embeddable":true,"href":"https:\/\/estiloromano.smartjoias.com.br\/escolhas\/wp-json\/wp\/v2\/media\/104237"}],"wp:attachment":[{"href":"https:\/\/estiloromano.smartjoias.com.br\/escolhas\/wp-json\/wp\/v2\/media?parent=52181"}],"wp:term":[{"taxonomy":"product_cat","embeddable":true,"href":"https:\/\/estiloromano.smartjoias.com.br\/escolhas\/wp-json\/wp\/v2\/product_cat?post=52181"},{"taxonomy":"product_tag","embeddable":true,"href":"https:\/\/estiloromano.smartjoias.com.br\/escolhas\/wp-json\/wp\/v2\/product_tag?post=52181"}],"curies":[{"name":"wp","href":"https:\/\/api.w.org\/{rel}","templated":true}]}}