{"id":52183,"date":"2024-03-19T13:25:46","date_gmt":"2024-03-19T16:25:46","guid":{"rendered":"https:\/\/estiloromano.smartjoias.com.br\/escolhas\/shop\/sem categoria\/tornozeleira-elos-coracoes-banhado-a-ouro\/"},"modified":"2024-11-14T21:01:41","modified_gmt":"2024-11-15T00:01:41","slug":"tornozeleira-elos-coracoes-banhado-a-ouro","status":"publish","type":"product","link":"https:\/\/estiloromano.smartjoias.com.br\/escolhas\/shop\/sem-categoria\/tornozeleira-elos-coracoes-banhado-a-ouro\/","title":{"rendered":"Tornozeleira Elos Cora\u00e7\u00f5es &#8211; Banhado a Ouro"},"content":{"rendered":"<p>Tornozeleira Elos Cora\u00e7\u00f5es &#8211; Banhado a Ouro<\/p>\n","protected":false},"excerpt":{"rendered":"<p>Tornozeleira Elos Cora\u00e7\u00f5es &#8211; Banhado a Ouro<\/p>\n","protected":false},"featured_media":104311,"template":"","meta":[],"product_cat":[2480],"product_tag":[],"class_list":{"0":"post-52183","1":"product","2":"type-product","3":"status-publish","4":"has-post-thumbnail","6":"product_cat-sem-categoria","8":"first","9":"instock","10":"shipping-taxable","11":"purchasable","12":"product-type-simple"},"fifu_image_url":"https:\/\/orgbling.s3.amazonaws.com\/25e28644d5bc765187a98d9415eab57d\/7d4bd03025ec78b78b011e97e4eea927?AWSAccessKeyId=AKIATCLMSGFX4J7TU445&Expires=1732233698&Signature=48gI%2FDbSJ3FpFEP3EwftedlWMrU%3D","_links":{"self":[{"href":"https:\/\/estiloromano.smartjoias.com.br\/escolhas\/wp-json\/wp\/v2\/product\/52183","targetHints":{"allow":["GET"]}}],"collection":[{"href":"https:\/\/estiloromano.smartjoias.com.br\/escolhas\/wp-json\/wp\/v2\/product"}],"about":[{"href":"https:\/\/estiloromano.smartjoias.com.br\/escolhas\/wp-json\/wp\/v2\/types\/product"}],"wp:featuredmedia":[{"embeddable":true,"href":"https:\/\/estiloromano.smartjoias.com.br\/escolhas\/wp-json\/wp\/v2\/media\/104311"}],"wp:attachment":[{"href":"https:\/\/estiloromano.smartjoias.com.br\/escolhas\/wp-json\/wp\/v2\/media?parent=52183"}],"wp:term":[{"taxonomy":"product_cat","embeddable":true,"href":"https:\/\/estiloromano.smartjoias.com.br\/escolhas\/wp-json\/wp\/v2\/product_cat?post=52183"},{"taxonomy":"product_tag","embeddable":true,"href":"https:\/\/estiloromano.smartjoias.com.br\/escolhas\/wp-json\/wp\/v2\/product_tag?post=52183"}],"curies":[{"name":"wp","href":"https:\/\/api.w.org\/{rel}","templated":true}]}}