{"id":52704,"date":"2024-03-28T00:40:40","date_gmt":"2024-03-28T03:40:40","guid":{"rendered":"https:\/\/estiloromano.smartjoias.com.br\/escolhas\/shop\/sem categoria\/colar-profissoes-nutricao-banhado-a-ouro\/"},"modified":"2024-11-14T20:57:41","modified_gmt":"2024-11-14T23:57:41","slug":"colar-profissoes-nutricao-banhado-a-ouro","status":"publish","type":"product","link":"https:\/\/estiloromano.smartjoias.com.br\/escolhas\/shop\/sem-categoria\/colar-profissoes-nutricao-banhado-a-ouro\/","title":{"rendered":"Colar Profiss\u00f5es &#8211; Nutri\u00e7\u00e3o &#8211; Banhado a Ouro"},"content":{"rendered":"<p>Colar Profiss\u00f5es &#8211; Nutri\u00e7\u00e3o &#8211; Banhado a Ouro<\/p>\n","protected":false},"excerpt":{"rendered":"<p>Colar Profiss\u00f5es &#8211; Nutri\u00e7\u00e3o &#8211; Banhado a Ouro<\/p>\n","protected":false},"featured_media":104122,"template":"","meta":[],"product_cat":[2480],"product_tag":[],"class_list":{"0":"post-52704","1":"product","2":"type-product","3":"status-publish","4":"has-post-thumbnail","6":"product_cat-sem-categoria","8":"first","9":"instock","10":"shipping-taxable","11":"purchasable","12":"product-type-simple"},"fifu_image_url":"https:\/\/orgbling.s3.amazonaws.com\/25e28644d5bc765187a98d9415eab57d\/0dd890295093377cb7cc42933f94e902?AWSAccessKeyId=AKIATCLMSGFX4J7TU445&Expires=1732233321&Signature=BywsvMiz5nV7jXh%2FzWeKdq4UegM%3D","_links":{"self":[{"href":"https:\/\/estiloromano.smartjoias.com.br\/escolhas\/wp-json\/wp\/v2\/product\/52704","targetHints":{"allow":["GET"]}}],"collection":[{"href":"https:\/\/estiloromano.smartjoias.com.br\/escolhas\/wp-json\/wp\/v2\/product"}],"about":[{"href":"https:\/\/estiloromano.smartjoias.com.br\/escolhas\/wp-json\/wp\/v2\/types\/product"}],"wp:featuredmedia":[{"embeddable":true,"href":"https:\/\/estiloromano.smartjoias.com.br\/escolhas\/wp-json\/wp\/v2\/media\/104122"}],"wp:attachment":[{"href":"https:\/\/estiloromano.smartjoias.com.br\/escolhas\/wp-json\/wp\/v2\/media?parent=52704"}],"wp:term":[{"taxonomy":"product_cat","embeddable":true,"href":"https:\/\/estiloromano.smartjoias.com.br\/escolhas\/wp-json\/wp\/v2\/product_cat?post=52704"},{"taxonomy":"product_tag","embeddable":true,"href":"https:\/\/estiloromano.smartjoias.com.br\/escolhas\/wp-json\/wp\/v2\/product_tag?post=52704"}],"curies":[{"name":"wp","href":"https:\/\/api.w.org\/{rel}","templated":true}]}}