{"id":52728,"date":"2024-03-31T05:18:29","date_gmt":"2024-03-31T08:18:29","guid":{"rendered":"https:\/\/estiloromano.smartjoias.com.br\/escolhas\/shop\/sem categoria\/alianca-tungstenio-fina-3mm-tamanho28\/"},"modified":"2024-11-14T20:59:35","modified_gmt":"2024-11-14T23:59:35","slug":"alianca-tungstenio-fina-3mm-tamanho28","status":"publish","type":"product","link":"https:\/\/estiloromano.smartjoias.com.br\/escolhas\/shop\/sem-categoria\/alianca-tungstenio-fina-3mm-tamanho28\/","title":{"rendered":"Alian\u00e7a Tungst\u00eanio Fina &#8211; 3mm Tamanho:28"},"content":{"rendered":"<p>Alian\u00e7a Tungst\u00eanio Fina &#8211; 3mm Tamanho:28<\/p>\n","protected":false},"excerpt":{"rendered":"<p>Alian\u00e7a Tungst\u00eanio Fina &#8211; 3mm Tamanho:28<\/p>\n","protected":false},"featured_media":104185,"template":"","meta":[],"product_cat":[2480],"product_tag":[],"class_list":{"0":"post-52728","1":"product","2":"type-product","3":"status-publish","4":"has-post-thumbnail","6":"product_cat-sem-categoria","8":"first","9":"instock","10":"shipping-taxable","11":"purchasable","12":"product-type-simple"},"fifu_image_url":"https:\/\/orgbling.s3.amazonaws.com\/25e28644d5bc765187a98d9415eab57d\/9f48abe3de3837af604fceaa7ce49d6c?AWSAccessKeyId=AKIATCLMSGFX4J7TU445&Expires=1732233503&Signature=IsLRvconox6g%2BaPMYsEWU%2FfBmrY%3D","_links":{"self":[{"href":"https:\/\/estiloromano.smartjoias.com.br\/escolhas\/wp-json\/wp\/v2\/product\/52728","targetHints":{"allow":["GET"]}}],"collection":[{"href":"https:\/\/estiloromano.smartjoias.com.br\/escolhas\/wp-json\/wp\/v2\/product"}],"about":[{"href":"https:\/\/estiloromano.smartjoias.com.br\/escolhas\/wp-json\/wp\/v2\/types\/product"}],"wp:featuredmedia":[{"embeddable":true,"href":"https:\/\/estiloromano.smartjoias.com.br\/escolhas\/wp-json\/wp\/v2\/media\/104185"}],"wp:attachment":[{"href":"https:\/\/estiloromano.smartjoias.com.br\/escolhas\/wp-json\/wp\/v2\/media?parent=52728"}],"wp:term":[{"taxonomy":"product_cat","embeddable":true,"href":"https:\/\/estiloromano.smartjoias.com.br\/escolhas\/wp-json\/wp\/v2\/product_cat?post=52728"},{"taxonomy":"product_tag","embeddable":true,"href":"https:\/\/estiloromano.smartjoias.com.br\/escolhas\/wp-json\/wp\/v2\/product_tag?post=52728"}],"curies":[{"name":"wp","href":"https:\/\/api.w.org\/{rel}","templated":true}]}}