{"id":52765,"date":"2024-03-31T05:21:05","date_gmt":"2024-03-31T08:21:05","guid":{"rendered":"https:\/\/estiloromano.smartjoias.com.br\/escolhas\/shop\/sem categoria\/colar-coracao-zirconia-lavanda-banhado-a-ouro\/"},"modified":"2024-11-14T21:00:17","modified_gmt":"2024-11-15T00:00:17","slug":"colar-coracao-zirconia-lavanda-banhado-a-ouro","status":"publish","type":"product","link":"https:\/\/estiloromano.smartjoias.com.br\/escolhas\/shop\/sem-categoria\/colar-coracao-zirconia-lavanda-banhado-a-ouro\/","title":{"rendered":"Colar Cora\u00e7\u00e3o Zirc\u00f4nia Lavanda &#8211; Banhado a Ouro"},"content":{"rendered":"<p>Colar Cora\u00e7\u00e3o Zirc\u00f4nia Lavanda &#8211; Banhado a Ouro<\/p>\n","protected":false},"excerpt":{"rendered":"<p>Colar Cora\u00e7\u00e3o Zirc\u00f4nia Lavanda &#8211; Banhado a Ouro<\/p>\n","protected":false},"featured_media":104204,"template":"","meta":[],"product_cat":[2480],"product_tag":[],"class_list":{"0":"post-52765","1":"product","2":"type-product","3":"status-publish","4":"has-post-thumbnail","6":"product_cat-sem-categoria","8":"first","9":"instock","10":"shipping-taxable","11":"purchasable","12":"product-type-simple"},"fifu_image_url":"https:\/\/orgbling.s3.amazonaws.com\/25e28644d5bc765187a98d9415eab57d\/5c28f70a1ae9dab6ae95dfd7741eaf44?AWSAccessKeyId=AKIATCLMSGFX4J7TU445&Expires=1732233503&Signature=LCYaW34C3M9k1%2FmHPYJMEHMazMc%3D","_links":{"self":[{"href":"https:\/\/estiloromano.smartjoias.com.br\/escolhas\/wp-json\/wp\/v2\/product\/52765","targetHints":{"allow":["GET"]}}],"collection":[{"href":"https:\/\/estiloromano.smartjoias.com.br\/escolhas\/wp-json\/wp\/v2\/product"}],"about":[{"href":"https:\/\/estiloromano.smartjoias.com.br\/escolhas\/wp-json\/wp\/v2\/types\/product"}],"wp:featuredmedia":[{"embeddable":true,"href":"https:\/\/estiloromano.smartjoias.com.br\/escolhas\/wp-json\/wp\/v2\/media\/104204"}],"wp:attachment":[{"href":"https:\/\/estiloromano.smartjoias.com.br\/escolhas\/wp-json\/wp\/v2\/media?parent=52765"}],"wp:term":[{"taxonomy":"product_cat","embeddable":true,"href":"https:\/\/estiloromano.smartjoias.com.br\/escolhas\/wp-json\/wp\/v2\/product_cat?post=52765"},{"taxonomy":"product_tag","embeddable":true,"href":"https:\/\/estiloromano.smartjoias.com.br\/escolhas\/wp-json\/wp\/v2\/product_tag?post=52765"}],"curies":[{"name":"wp","href":"https:\/\/api.w.org\/{rel}","templated":true}]}}