{"id":53040,"date":"2024-04-02T14:51:50","date_gmt":"2024-04-02T17:51:50","guid":{"rendered":"https:\/\/estiloromano.smartjoias.com.br\/escolhas\/shop\/sem categoria\/alianca-tungstenio-com-fio-dourado-4mm-tamanho22\/"},"modified":"2024-11-14T20:57:57","modified_gmt":"2024-11-14T23:57:57","slug":"alianca-tungstenio-com-fio-dourado-4mm-tamanho22","status":"publish","type":"product","link":"https:\/\/estiloromano.smartjoias.com.br\/escolhas\/shop\/sem-categoria\/alianca-tungstenio-com-fio-dourado-4mm-tamanho22\/","title":{"rendered":"Alian\u00e7a Tungst\u00eanio com Fio Dourado &#8211; 4mm Tamanho:22"},"content":{"rendered":"<p>Alian\u00e7a Tungst\u00eanio com Fio Dourado &#8211; 4mm Tamanho:22<\/p>\n","protected":false},"excerpt":{"rendered":"<p>Alian\u00e7a Tungst\u00eanio com Fio Dourado &#8211; 4mm Tamanho:22<\/p>\n","protected":false},"featured_media":104131,"template":"","meta":[],"product_cat":[2480],"product_tag":[],"class_list":{"0":"post-53040","1":"product","2":"type-product","3":"status-publish","4":"has-post-thumbnail","6":"product_cat-sem-categoria","8":"first","9":"instock","10":"shipping-taxable","11":"purchasable","12":"product-type-simple"},"fifu_image_url":"https:\/\/orgbling.s3.amazonaws.com\/25e28644d5bc765187a98d9415eab57d\/0723ae9c83f1a7b9bd7bad406990fbf8?AWSAccessKeyId=AKIATCLMSGFX4J7TU445&Expires=1732233321&Signature=KhUDoPBfvUqG%2FsyDAY5GeCq3rhA%3D","_links":{"self":[{"href":"https:\/\/estiloromano.smartjoias.com.br\/escolhas\/wp-json\/wp\/v2\/product\/53040","targetHints":{"allow":["GET"]}}],"collection":[{"href":"https:\/\/estiloromano.smartjoias.com.br\/escolhas\/wp-json\/wp\/v2\/product"}],"about":[{"href":"https:\/\/estiloromano.smartjoias.com.br\/escolhas\/wp-json\/wp\/v2\/types\/product"}],"wp:featuredmedia":[{"embeddable":true,"href":"https:\/\/estiloromano.smartjoias.com.br\/escolhas\/wp-json\/wp\/v2\/media\/104131"}],"wp:attachment":[{"href":"https:\/\/estiloromano.smartjoias.com.br\/escolhas\/wp-json\/wp\/v2\/media?parent=53040"}],"wp:term":[{"taxonomy":"product_cat","embeddable":true,"href":"https:\/\/estiloromano.smartjoias.com.br\/escolhas\/wp-json\/wp\/v2\/product_cat?post=53040"},{"taxonomy":"product_tag","embeddable":true,"href":"https:\/\/estiloromano.smartjoias.com.br\/escolhas\/wp-json\/wp\/v2\/product_tag?post=53040"}],"curies":[{"name":"wp","href":"https:\/\/api.w.org\/{rel}","templated":true}]}}