{"id":53058,"date":"2024-04-02T14:52:31","date_gmt":"2024-04-02T17:52:31","guid":{"rendered":"https:\/\/estiloromano.smartjoias.com.br\/escolhas\/shop\/sem categoria\/alianca-tungstenio-com-fio-dourado-4mm-tamanho13\/"},"modified":"2024-11-14T20:58:14","modified_gmt":"2024-11-14T23:58:14","slug":"alianca-tungstenio-com-fio-dourado-4mm-tamanho13","status":"publish","type":"product","link":"https:\/\/estiloromano.smartjoias.com.br\/escolhas\/shop\/sem-categoria\/alianca-tungstenio-com-fio-dourado-4mm-tamanho13\/","title":{"rendered":"Alian\u00e7a Tungst\u00eanio com Fio Dourado &#8211; 4mm Tamanho:13"},"content":{"rendered":"<p>Alian\u00e7a Tungst\u00eanio com Fio Dourado &#8211; 4mm Tamanho:13<\/p>\n","protected":false},"excerpt":{"rendered":"<p>Alian\u00e7a Tungst\u00eanio com Fio Dourado &#8211; 4mm Tamanho:13<\/p>\n","protected":false},"featured_media":104140,"template":"","meta":[],"product_cat":[2480],"product_tag":[],"class_list":{"0":"post-53058","1":"product","2":"type-product","3":"status-publish","4":"has-post-thumbnail","6":"product_cat-sem-categoria","8":"first","9":"instock","10":"shipping-taxable","11":"purchasable","12":"product-type-simple"},"fifu_image_url":"https:\/\/orgbling.s3.amazonaws.com\/25e28644d5bc765187a98d9415eab57d\/0723ae9c83f1a7b9bd7bad406990fbf8?AWSAccessKeyId=AKIATCLMSGFX4J7TU445&Expires=1732233321&Signature=KhUDoPBfvUqG%2FsyDAY5GeCq3rhA%3D","_links":{"self":[{"href":"https:\/\/estiloromano.smartjoias.com.br\/escolhas\/wp-json\/wp\/v2\/product\/53058","targetHints":{"allow":["GET"]}}],"collection":[{"href":"https:\/\/estiloromano.smartjoias.com.br\/escolhas\/wp-json\/wp\/v2\/product"}],"about":[{"href":"https:\/\/estiloromano.smartjoias.com.br\/escolhas\/wp-json\/wp\/v2\/types\/product"}],"wp:featuredmedia":[{"embeddable":true,"href":"https:\/\/estiloromano.smartjoias.com.br\/escolhas\/wp-json\/wp\/v2\/media\/104140"}],"wp:attachment":[{"href":"https:\/\/estiloromano.smartjoias.com.br\/escolhas\/wp-json\/wp\/v2\/media?parent=53058"}],"wp:term":[{"taxonomy":"product_cat","embeddable":true,"href":"https:\/\/estiloromano.smartjoias.com.br\/escolhas\/wp-json\/wp\/v2\/product_cat?post=53058"},{"taxonomy":"product_tag","embeddable":true,"href":"https:\/\/estiloromano.smartjoias.com.br\/escolhas\/wp-json\/wp\/v2\/product_tag?post=53058"}],"curies":[{"name":"wp","href":"https:\/\/api.w.org\/{rel}","templated":true}]}}