{"id":53084,"date":"2024-04-02T14:53:31","date_gmt":"2024-04-02T17:53:31","guid":{"rendered":"https:\/\/estiloromano.smartjoias.com.br\/escolhas\/shop\/sem categoria\/alianca-tungstenio-com-zirconia-4mm-tamanho20\/"},"modified":"2024-11-14T20:58:37","modified_gmt":"2024-11-14T23:58:37","slug":"alianca-tungstenio-com-zirconia-4mm-tamanho20","status":"publish","type":"product","link":"https:\/\/estiloromano.smartjoias.com.br\/escolhas\/shop\/sem-categoria\/alianca-tungstenio-com-zirconia-4mm-tamanho20\/","title":{"rendered":"Alian\u00e7a Tungst\u00eanio com Zirc\u00f4nia &#8211; 4mm Tamanho:20"},"content":{"rendered":"<p>Alian\u00e7a Tungst\u00eanio com Zirc\u00f4nia &#8211; 4mm Tamanho:20<\/p>\n","protected":false},"excerpt":{"rendered":"<p>Alian\u00e7a Tungst\u00eanio com Zirc\u00f4nia &#8211; 4mm Tamanho:20<\/p>\n","protected":false},"featured_media":104153,"template":"","meta":[],"product_cat":[2480],"product_tag":[],"class_list":{"0":"post-53084","1":"product","2":"type-product","3":"status-publish","4":"has-post-thumbnail","6":"product_cat-sem-categoria","8":"first","9":"instock","10":"shipping-taxable","11":"purchasable","12":"product-type-simple"},"fifu_image_url":"https:\/\/orgbling.s3.amazonaws.com\/25e28644d5bc765187a98d9415eab57d\/719d7846240b7809a65cff499ca6c3c3?AWSAccessKeyId=AKIATCLMSGFX4J7TU445&Expires=1732233503&Signature=xjb154wY9Sfax6wgse72fc3XHnU%3D","_links":{"self":[{"href":"https:\/\/estiloromano.smartjoias.com.br\/escolhas\/wp-json\/wp\/v2\/product\/53084","targetHints":{"allow":["GET"]}}],"collection":[{"href":"https:\/\/estiloromano.smartjoias.com.br\/escolhas\/wp-json\/wp\/v2\/product"}],"about":[{"href":"https:\/\/estiloromano.smartjoias.com.br\/escolhas\/wp-json\/wp\/v2\/types\/product"}],"wp:featuredmedia":[{"embeddable":true,"href":"https:\/\/estiloromano.smartjoias.com.br\/escolhas\/wp-json\/wp\/v2\/media\/104153"}],"wp:attachment":[{"href":"https:\/\/estiloromano.smartjoias.com.br\/escolhas\/wp-json\/wp\/v2\/media?parent=53084"}],"wp:term":[{"taxonomy":"product_cat","embeddable":true,"href":"https:\/\/estiloromano.smartjoias.com.br\/escolhas\/wp-json\/wp\/v2\/product_cat?post=53084"},{"taxonomy":"product_tag","embeddable":true,"href":"https:\/\/estiloromano.smartjoias.com.br\/escolhas\/wp-json\/wp\/v2\/product_tag?post=53084"}],"curies":[{"name":"wp","href":"https:\/\/api.w.org\/{rel}","templated":true}]}}