{"id":53114,"date":"2024-04-02T14:54:37","date_gmt":"2024-04-02T17:54:37","guid":{"rendered":"https:\/\/estiloromano.smartjoias.com.br\/escolhas\/shop\/sem categoria\/alianca-tungstenio-grossa-5mm-tamanho25\/"},"modified":"2024-11-14T20:59:04","modified_gmt":"2024-11-14T23:59:04","slug":"alianca-tungstenio-grossa-5mm-tamanho25","status":"publish","type":"product","link":"https:\/\/estiloromano.smartjoias.com.br\/escolhas\/shop\/sem-categoria\/alianca-tungstenio-grossa-5mm-tamanho25\/","title":{"rendered":"Alian\u00e7a Tungst\u00eanio Grossa &#8211; 5mm Tamanho:25"},"content":{"rendered":"<p>Alian\u00e7a Tungst\u00eanio Grossa &#8211; 5mm Tamanho:25<\/p>\n","protected":false},"excerpt":{"rendered":"<p>Alian\u00e7a Tungst\u00eanio Grossa &#8211; 5mm Tamanho:25<\/p>\n","protected":false},"featured_media":104168,"template":"","meta":[],"product_cat":[2480],"product_tag":[],"class_list":{"0":"post-53114","1":"product","2":"type-product","3":"status-publish","4":"has-post-thumbnail","6":"product_cat-sem-categoria","8":"first","9":"instock","10":"shipping-taxable","11":"purchasable","12":"product-type-simple"},"fifu_image_url":"https:\/\/orgbling.s3.amazonaws.com\/25e28644d5bc765187a98d9415eab57d\/8d9d166ebf93535bb3082cced30b4395?AWSAccessKeyId=AKIATCLMSGFX4J7TU445&Expires=1732233503&Signature=jGksaICvGvo6POrKB2%2FDveEAIIs%3D","_links":{"self":[{"href":"https:\/\/estiloromano.smartjoias.com.br\/escolhas\/wp-json\/wp\/v2\/product\/53114","targetHints":{"allow":["GET"]}}],"collection":[{"href":"https:\/\/estiloromano.smartjoias.com.br\/escolhas\/wp-json\/wp\/v2\/product"}],"about":[{"href":"https:\/\/estiloromano.smartjoias.com.br\/escolhas\/wp-json\/wp\/v2\/types\/product"}],"wp:featuredmedia":[{"embeddable":true,"href":"https:\/\/estiloromano.smartjoias.com.br\/escolhas\/wp-json\/wp\/v2\/media\/104168"}],"wp:attachment":[{"href":"https:\/\/estiloromano.smartjoias.com.br\/escolhas\/wp-json\/wp\/v2\/media?parent=53114"}],"wp:term":[{"taxonomy":"product_cat","embeddable":true,"href":"https:\/\/estiloromano.smartjoias.com.br\/escolhas\/wp-json\/wp\/v2\/product_cat?post=53114"},{"taxonomy":"product_tag","embeddable":true,"href":"https:\/\/estiloromano.smartjoias.com.br\/escolhas\/wp-json\/wp\/v2\/product_tag?post=53114"}],"curies":[{"name":"wp","href":"https:\/\/api.w.org\/{rel}","templated":true}]}}