{"id":54514,"date":"2024-04-16T01:33:15","date_gmt":"2024-04-16T04:33:15","guid":{"rendered":"https:\/\/estiloromano.smartjoias.com.br\/escolhas\/shop\/sem categoria\/colar-mandala-coracoes-menino-e-menina-banhado-a-ouro\/"},"modified":"2024-11-14T20:55:46","modified_gmt":"2024-11-14T23:55:46","slug":"colar-mandala-coracoes-menino-e-menina-banhado-a-ouro","status":"publish","type":"product","link":"https:\/\/estiloromano.smartjoias.com.br\/escolhas\/shop\/sem-categoria\/colar-mandala-coracoes-menino-e-menina-banhado-a-ouro\/","title":{"rendered":"Colar Mandala Cora\u00e7\u00f5es Menino e Menina &#8211; Banhado a Ouro"},"content":{"rendered":"<p>Colar Mandala Cora\u00e7\u00f5es Menino e Menina &#8211; Banhado a Ouro<\/p>\n","protected":false},"excerpt":{"rendered":"<p>Colar Mandala Cora\u00e7\u00f5es Menino e Menina &#8211; Banhado a Ouro<\/p>\n","protected":false},"featured_media":104086,"template":"","meta":[],"product_cat":[2480],"product_tag":[],"class_list":{"0":"post-54514","1":"product","2":"type-product","3":"status-publish","4":"has-post-thumbnail","6":"product_cat-sem-categoria","8":"first","9":"instock","10":"shipping-taxable","11":"purchasable","12":"product-type-simple"},"fifu_image_url":"https:\/\/orgbling.s3.amazonaws.com\/25e28644d5bc765187a98d9415eab57d\/9f9b5b1006e41dea594e6f1dde7890ec?AWSAccessKeyId=AKIATCLMSGFX4J7TU445&Expires=1732233321&Signature=V6XBhyr2QkmB%2B8um74pffpBTDYk%3D","_links":{"self":[{"href":"https:\/\/estiloromano.smartjoias.com.br\/escolhas\/wp-json\/wp\/v2\/product\/54514","targetHints":{"allow":["GET"]}}],"collection":[{"href":"https:\/\/estiloromano.smartjoias.com.br\/escolhas\/wp-json\/wp\/v2\/product"}],"about":[{"href":"https:\/\/estiloromano.smartjoias.com.br\/escolhas\/wp-json\/wp\/v2\/types\/product"}],"wp:featuredmedia":[{"embeddable":true,"href":"https:\/\/estiloromano.smartjoias.com.br\/escolhas\/wp-json\/wp\/v2\/media\/104086"}],"wp:attachment":[{"href":"https:\/\/estiloromano.smartjoias.com.br\/escolhas\/wp-json\/wp\/v2\/media?parent=54514"}],"wp:term":[{"taxonomy":"product_cat","embeddable":true,"href":"https:\/\/estiloromano.smartjoias.com.br\/escolhas\/wp-json\/wp\/v2\/product_cat?post=54514"},{"taxonomy":"product_tag","embeddable":true,"href":"https:\/\/estiloromano.smartjoias.com.br\/escolhas\/wp-json\/wp\/v2\/product_tag?post=54514"}],"curies":[{"name":"wp","href":"https:\/\/api.w.org\/{rel}","templated":true}]}}