{"id":54905,"date":"2024-04-19T10:53:42","date_gmt":"2024-04-19T13:53:42","guid":{"rendered":"https:\/\/estiloromano.smartjoias.com.br\/escolhas\/shop\/sem categoria\/tornozeleira-coracoes-banhado-a-rodio-branco-2\/"},"modified":"2024-11-14T20:53:58","modified_gmt":"2024-11-14T23:53:58","slug":"tornozeleira-coracoes-banhado-a-rodio-branco-2","status":"publish","type":"product","link":"https:\/\/estiloromano.smartjoias.com.br\/escolhas\/shop\/sem-categoria\/tornozeleira-coracoes-banhado-a-rodio-branco-2\/","title":{"rendered":"Tornozeleira Cora\u00e7\u00f5es &#8211; Banhado a R\u00f3dio Branco"},"content":{"rendered":"<p>Tornozeleira Cora\u00e7\u00f5es &#8211; Banhado a R\u00f3dio Branco<\/p>\n","protected":false},"excerpt":{"rendered":"<p>Tornozeleira Cora\u00e7\u00f5es &#8211; Banhado a R\u00f3dio Branco<\/p>\n","protected":false},"featured_media":104064,"template":"","meta":[],"product_cat":[2480],"product_tag":[],"class_list":{"0":"post-54905","1":"product","2":"type-product","3":"status-publish","4":"has-post-thumbnail","6":"product_cat-sem-categoria","8":"first","9":"instock","10":"shipping-taxable","11":"purchasable","12":"product-type-simple"},"fifu_image_url":"https:\/\/orgbling.s3.amazonaws.com\/25e28644d5bc765187a98d9415eab57d\/0864a6ff488acc3c8e074824ca68ebdb?AWSAccessKeyId=AKIATCLMSGFX4J7TU445&Expires=1732233127&Signature=SQxyrskli5QvQOVwrrJECQqZAhs%3D","_links":{"self":[{"href":"https:\/\/estiloromano.smartjoias.com.br\/escolhas\/wp-json\/wp\/v2\/product\/54905","targetHints":{"allow":["GET"]}}],"collection":[{"href":"https:\/\/estiloromano.smartjoias.com.br\/escolhas\/wp-json\/wp\/v2\/product"}],"about":[{"href":"https:\/\/estiloromano.smartjoias.com.br\/escolhas\/wp-json\/wp\/v2\/types\/product"}],"wp:featuredmedia":[{"embeddable":true,"href":"https:\/\/estiloromano.smartjoias.com.br\/escolhas\/wp-json\/wp\/v2\/media\/104064"}],"wp:attachment":[{"href":"https:\/\/estiloromano.smartjoias.com.br\/escolhas\/wp-json\/wp\/v2\/media?parent=54905"}],"wp:term":[{"taxonomy":"product_cat","embeddable":true,"href":"https:\/\/estiloromano.smartjoias.com.br\/escolhas\/wp-json\/wp\/v2\/product_cat?post=54905"},{"taxonomy":"product_tag","embeddable":true,"href":"https:\/\/estiloromano.smartjoias.com.br\/escolhas\/wp-json\/wp\/v2\/product_tag?post=54905"}],"curies":[{"name":"wp","href":"https:\/\/api.w.org\/{rel}","templated":true}]}}