{"id":54914,"date":"2024-04-20T13:49:16","date_gmt":"2024-04-20T16:49:16","guid":{"rendered":"https:\/\/estiloromano.smartjoias.com.br\/escolhas\/shop\/sem categoria\/piercing-argolinha-torcao-cravejado-floral-em-aco\/"},"modified":"2024-11-14T20:54:16","modified_gmt":"2024-11-14T23:54:16","slug":"piercing-argolinha-torcao-cravejado-floral-em-aco","status":"publish","type":"product","link":"https:\/\/estiloromano.smartjoias.com.br\/escolhas\/shop\/sem-categoria\/piercing-argolinha-torcao-cravejado-floral-em-aco\/","title":{"rendered":"Piercing Argolinha Tor\u00e7\u00e3o Cravejado Floral em A\u00e7o"},"content":{"rendered":"<p>Piercing Argolinha Tor\u00e7\u00e3o Cravejado Floral em A\u00e7o<\/p>\n","protected":false},"excerpt":{"rendered":"<p>Piercing Argolinha Tor\u00e7\u00e3o Cravejado Floral em A\u00e7o<\/p>\n","protected":false},"featured_media":0,"template":"","meta":[],"product_cat":[2480],"product_tag":[],"class_list":{"0":"post-54914","1":"product","2":"type-product","3":"status-publish","5":"product_cat-sem-categoria","7":"first","8":"instock","9":"shipping-taxable","10":"purchasable","11":"product-type-simple"},"_links":{"self":[{"href":"https:\/\/estiloromano.smartjoias.com.br\/escolhas\/wp-json\/wp\/v2\/product\/54914","targetHints":{"allow":["GET"]}}],"collection":[{"href":"https:\/\/estiloromano.smartjoias.com.br\/escolhas\/wp-json\/wp\/v2\/product"}],"about":[{"href":"https:\/\/estiloromano.smartjoias.com.br\/escolhas\/wp-json\/wp\/v2\/types\/product"}],"wp:attachment":[{"href":"https:\/\/estiloromano.smartjoias.com.br\/escolhas\/wp-json\/wp\/v2\/media?parent=54914"}],"wp:term":[{"taxonomy":"product_cat","embeddable":true,"href":"https:\/\/estiloromano.smartjoias.com.br\/escolhas\/wp-json\/wp\/v2\/product_cat?post=54914"},{"taxonomy":"product_tag","embeddable":true,"href":"https:\/\/estiloromano.smartjoias.com.br\/escolhas\/wp-json\/wp\/v2\/product_tag?post=54914"}],"curies":[{"name":"wp","href":"https:\/\/api.w.org\/{rel}","templated":true}]}}