{"id":55718,"date":"2024-04-26T13:35:34","date_gmt":"2024-04-26T16:35:34","guid":{"rendered":"https:\/\/estiloromano.smartjoias.com.br\/escolhas\/shop\/sem categoria\/piercing-argola-coracao-cravejado-em-aco-banhado-a-ouro-lado-esquerdo\/"},"modified":"2024-11-14T20:53:42","modified_gmt":"2024-11-14T23:53:42","slug":"piercing-argola-coracao-cravejado-em-aco-banhado-a-ouro-lado-esquerdo","status":"publish","type":"product","link":"https:\/\/estiloromano.smartjoias.com.br\/escolhas\/shop\/sem-categoria\/piercing-argola-coracao-cravejado-em-aco-banhado-a-ouro-lado-esquerdo\/","title":{"rendered":"Piercing Argola Cora\u00e7\u00e3o Cravejado em A\u00e7o Banhado a Ouro (Lado Esquerdo)"},"content":{"rendered":"<p>Piercing Argola Cora\u00e7\u00e3o Cravejado em A\u00e7o Banhado a Ouro (Lado Esquerdo)<\/p>\n","protected":false},"excerpt":{"rendered":"<p>Piercing Argola Cora\u00e7\u00e3o Cravejado em A\u00e7o Banhado a Ouro (Lado Esquerdo)<\/p>\n","protected":false},"featured_media":104058,"template":"","meta":[],"product_cat":[2480],"product_tag":[],"class_list":{"0":"post-55718","1":"product","2":"type-product","3":"status-publish","4":"has-post-thumbnail","6":"product_cat-sem-categoria","8":"first","9":"instock","10":"shipping-taxable","11":"purchasable","12":"product-type-simple"},"fifu_image_url":"https:\/\/orgbling.s3.amazonaws.com\/25e28644d5bc765187a98d9415eab57d\/b80ce7a0264f7e529a0da59cdb36eecd?AWSAccessKeyId=AKIATCLMSGFX4J7TU445&Expires=1732233127&Signature=HlpF28Qp2R2lE1KGKhWSXX6wTGk%3D","_links":{"self":[{"href":"https:\/\/estiloromano.smartjoias.com.br\/escolhas\/wp-json\/wp\/v2\/product\/55718","targetHints":{"allow":["GET"]}}],"collection":[{"href":"https:\/\/estiloromano.smartjoias.com.br\/escolhas\/wp-json\/wp\/v2\/product"}],"about":[{"href":"https:\/\/estiloromano.smartjoias.com.br\/escolhas\/wp-json\/wp\/v2\/types\/product"}],"wp:featuredmedia":[{"embeddable":true,"href":"https:\/\/estiloromano.smartjoias.com.br\/escolhas\/wp-json\/wp\/v2\/media\/104058"}],"wp:attachment":[{"href":"https:\/\/estiloromano.smartjoias.com.br\/escolhas\/wp-json\/wp\/v2\/media?parent=55718"}],"wp:term":[{"taxonomy":"product_cat","embeddable":true,"href":"https:\/\/estiloromano.smartjoias.com.br\/escolhas\/wp-json\/wp\/v2\/product_cat?post=55718"},{"taxonomy":"product_tag","embeddable":true,"href":"https:\/\/estiloromano.smartjoias.com.br\/escolhas\/wp-json\/wp\/v2\/product_tag?post=55718"}],"curies":[{"name":"wp","href":"https:\/\/api.w.org\/{rel}","templated":true}]}}