{"id":58191,"date":"2024-05-10T13:44:31","date_gmt":"2024-05-10T16:44:31","guid":{"rendered":"https:\/\/estiloromano.smartjoias.com.br\/escolhas\/shop\/sem categoria\/colar-elo-portugues-coracao-espelhado-banhado-a-ouro\/"},"modified":"2025-02-17T11:02:54","modified_gmt":"2025-02-17T14:02:54","slug":"colar-elo-portugues-coracao-espelhado-banhado-a-ouro","status":"publish","type":"product","link":"https:\/\/estiloromano.smartjoias.com.br\/escolhas\/shop\/sem-categoria\/colar-elo-portugues-coracao-espelhado-banhado-a-ouro\/","title":{"rendered":"Colar Elo Portugu\u00eas Cora\u00e7\u00e3o Espelhado &#8211; Banhado a Ouro"},"content":{"rendered":"<p>Colar Elo Portugu\u00eas Cora\u00e7\u00e3o Espelhado &#8211; Banhado a Ouro<\/p>\n","protected":false},"excerpt":{"rendered":"<p>Colar Elo Portugu\u00eas Cora\u00e7\u00e3o Espelhado &#8211; Banhado a Ouro<\/p>\n","protected":false},"featured_media":104029,"template":"","meta":[],"product_cat":[2480],"product_tag":[],"class_list":{"0":"post-58191","1":"product","2":"type-product","3":"status-publish","4":"has-post-thumbnail","6":"product_cat-sem-categoria","8":"first","9":"instock","10":"shipping-taxable","11":"purchasable","12":"product-type-simple"},"fifu_image_url":"https:\/\/orgbling.s3.amazonaws.com\/25e28644d5bc765187a98d9415eab57d\/1d7ef910adbcf58a4527d2638aaa90ac?AWSAccessKeyId=AKIATCLMSGFX4J7TU445&Expires=1740405648&Signature=mQBjlrWDOjhJZCFYvT3GvDVxEZY%3D","_links":{"self":[{"href":"https:\/\/estiloromano.smartjoias.com.br\/escolhas\/wp-json\/wp\/v2\/product\/58191","targetHints":{"allow":["GET"]}}],"collection":[{"href":"https:\/\/estiloromano.smartjoias.com.br\/escolhas\/wp-json\/wp\/v2\/product"}],"about":[{"href":"https:\/\/estiloromano.smartjoias.com.br\/escolhas\/wp-json\/wp\/v2\/types\/product"}],"wp:featuredmedia":[{"embeddable":true,"href":"https:\/\/estiloromano.smartjoias.com.br\/escolhas\/wp-json\/wp\/v2\/media\/104029"}],"wp:attachment":[{"href":"https:\/\/estiloromano.smartjoias.com.br\/escolhas\/wp-json\/wp\/v2\/media?parent=58191"}],"wp:term":[{"taxonomy":"product_cat","embeddable":true,"href":"https:\/\/estiloromano.smartjoias.com.br\/escolhas\/wp-json\/wp\/v2\/product_cat?post=58191"},{"taxonomy":"product_tag","embeddable":true,"href":"https:\/\/estiloromano.smartjoias.com.br\/escolhas\/wp-json\/wp\/v2\/product_tag?post=58191"}],"curies":[{"name":"wp","href":"https:\/\/api.w.org\/{rel}","templated":true}]}}