{"id":58192,"date":"2024-05-10T13:44:35","date_gmt":"2024-05-10T16:44:35","guid":{"rendered":"https:\/\/estiloromano.smartjoias.com.br\/escolhas\/shop\/sem categoria\/pulseira-cartier-coracoes-pendentes-banhado-a-rodio-branco\/"},"modified":"2025-02-17T11:02:55","modified_gmt":"2025-02-17T14:02:55","slug":"pulseira-cartier-coracoes-pendentes-banhado-a-rodio-branco","status":"publish","type":"product","link":"https:\/\/estiloromano.smartjoias.com.br\/escolhas\/shop\/sem-categoria\/pulseira-cartier-coracoes-pendentes-banhado-a-rodio-branco\/","title":{"rendered":"Pulseira Cartier Cora\u00e7\u00f5es Pendentes &#8211; Banhado a R\u00f3dio Branco"},"content":{"rendered":"<p>Pulseira Cartier Cora\u00e7\u00f5es Pendentes &#8211; Banhado a R\u00f3dio Branco<\/p>\n","protected":false},"excerpt":{"rendered":"<p>Pulseira Cartier Cora\u00e7\u00f5es Pendentes &#8211; Banhado a R\u00f3dio Branco<\/p>\n","protected":false},"featured_media":104030,"template":"","meta":[],"product_cat":[2480],"product_tag":[],"class_list":{"0":"post-58192","1":"product","2":"type-product","3":"status-publish","4":"has-post-thumbnail","6":"product_cat-sem-categoria","8":"first","9":"instock","10":"shipping-taxable","11":"purchasable","12":"product-type-simple"},"fifu_image_url":"https:\/\/orgbling.s3.amazonaws.com\/25e28644d5bc765187a98d9415eab57d\/d4807bb76a07567038ef4971b81e0bc2?AWSAccessKeyId=AKIATCLMSGFX4J7TU445&Expires=1740405648&Signature=Ay4dSvKq%2B78xg%2B%2Fj3nwQGcnJxSs%3D","_links":{"self":[{"href":"https:\/\/estiloromano.smartjoias.com.br\/escolhas\/wp-json\/wp\/v2\/product\/58192","targetHints":{"allow":["GET"]}}],"collection":[{"href":"https:\/\/estiloromano.smartjoias.com.br\/escolhas\/wp-json\/wp\/v2\/product"}],"about":[{"href":"https:\/\/estiloromano.smartjoias.com.br\/escolhas\/wp-json\/wp\/v2\/types\/product"}],"wp:featuredmedia":[{"embeddable":true,"href":"https:\/\/estiloromano.smartjoias.com.br\/escolhas\/wp-json\/wp\/v2\/media\/104030"}],"wp:attachment":[{"href":"https:\/\/estiloromano.smartjoias.com.br\/escolhas\/wp-json\/wp\/v2\/media?parent=58192"}],"wp:term":[{"taxonomy":"product_cat","embeddable":true,"href":"https:\/\/estiloromano.smartjoias.com.br\/escolhas\/wp-json\/wp\/v2\/product_cat?post=58192"},{"taxonomy":"product_tag","embeddable":true,"href":"https:\/\/estiloromano.smartjoias.com.br\/escolhas\/wp-json\/wp\/v2\/product_tag?post=58192"}],"curies":[{"name":"wp","href":"https:\/\/api.w.org\/{rel}","templated":true}]}}