{"id":58194,"date":"2024-05-10T13:44:41","date_gmt":"2024-05-10T16:44:41","guid":{"rendered":"https:\/\/estiloromano.smartjoias.com.br\/escolhas\/shop\/sem categoria\/pulseira-terco-nossa-senhora-com-perolas-banhado-a-rodio-branco\/"},"modified":"2025-02-17T11:02:58","modified_gmt":"2025-02-17T14:02:58","slug":"pulseira-terco-nossa-senhora-com-perolas-banhado-a-rodio-branco","status":"publish","type":"product","link":"https:\/\/estiloromano.smartjoias.com.br\/escolhas\/shop\/sem-categoria\/pulseira-terco-nossa-senhora-com-perolas-banhado-a-rodio-branco\/","title":{"rendered":"Pulseira Ter\u00e7o Nossa Senhora com P\u00e9rolas &#8211; Banhado a R\u00f3dio Branco"},"content":{"rendered":"<p>Pulseira Ter\u00e7o Nossa Senhora com P\u00e9rolas &#8211; Banhado a R\u00f3dio Branco<\/p>\n","protected":false},"excerpt":{"rendered":"<p>Pulseira Ter\u00e7o Nossa Senhora com P\u00e9rolas &#8211; Banhado a R\u00f3dio Branco<\/p>\n","protected":false},"featured_media":104032,"template":"","meta":[],"product_cat":[2480],"product_tag":[],"class_list":{"0":"post-58194","1":"product","2":"type-product","3":"status-publish","4":"has-post-thumbnail","6":"product_cat-sem-categoria","8":"first","9":"instock","10":"shipping-taxable","11":"purchasable","12":"product-type-simple"},"fifu_image_url":"https:\/\/orgbling.s3.amazonaws.com\/25e28644d5bc765187a98d9415eab57d\/0c82d7200c6ba252db80adfa8b201c76?AWSAccessKeyId=AKIATCLMSGFX4J7TU445&Expires=1740405648&Signature=RFfCOlEzzSAv%2BCnoPelKW2J2gOk%3D","_links":{"self":[{"href":"https:\/\/estiloromano.smartjoias.com.br\/escolhas\/wp-json\/wp\/v2\/product\/58194","targetHints":{"allow":["GET"]}}],"collection":[{"href":"https:\/\/estiloromano.smartjoias.com.br\/escolhas\/wp-json\/wp\/v2\/product"}],"about":[{"href":"https:\/\/estiloromano.smartjoias.com.br\/escolhas\/wp-json\/wp\/v2\/types\/product"}],"wp:featuredmedia":[{"embeddable":true,"href":"https:\/\/estiloromano.smartjoias.com.br\/escolhas\/wp-json\/wp\/v2\/media\/104032"}],"wp:attachment":[{"href":"https:\/\/estiloromano.smartjoias.com.br\/escolhas\/wp-json\/wp\/v2\/media?parent=58194"}],"wp:term":[{"taxonomy":"product_cat","embeddable":true,"href":"https:\/\/estiloromano.smartjoias.com.br\/escolhas\/wp-json\/wp\/v2\/product_cat?post=58194"},{"taxonomy":"product_tag","embeddable":true,"href":"https:\/\/estiloromano.smartjoias.com.br\/escolhas\/wp-json\/wp\/v2\/product_tag?post=58194"}],"curies":[{"name":"wp","href":"https:\/\/api.w.org\/{rel}","templated":true}]}}