{"id":58211,"date":"2024-05-10T13:45:35","date_gmt":"2024-05-10T16:45:35","guid":{"rendered":"https:\/\/estiloromano.smartjoias.com.br\/escolhas\/shop\/sem categoria\/choker-coracoes-detalhados-pendentes-banhado-a-rodio-branco\/"},"modified":"2025-02-17T11:03:21","modified_gmt":"2025-02-17T14:03:21","slug":"choker-coracoes-detalhados-pendentes-banhado-a-rodio-branco","status":"publish","type":"product","link":"https:\/\/estiloromano.smartjoias.com.br\/escolhas\/shop\/sem-categoria\/choker-coracoes-detalhados-pendentes-banhado-a-rodio-branco\/","title":{"rendered":"Choker Cora\u00e7\u00f5es Detalhados Pendentes &#8211; Banhado a R\u00f3dio Branco"},"content":{"rendered":"<p>Choker Cora\u00e7\u00f5es Detalhados Pendentes &#8211; Banhado a R\u00f3dio Branco<\/p>\n","protected":false},"excerpt":{"rendered":"<p>Choker Cora\u00e7\u00f5es Detalhados Pendentes &#8211; Banhado a R\u00f3dio Branco<\/p>\n","protected":false},"featured_media":104043,"template":"","meta":[],"product_cat":[2480],"product_tag":[],"class_list":{"0":"post-58211","1":"product","2":"type-product","3":"status-publish","4":"has-post-thumbnail","6":"product_cat-sem-categoria","8":"first","9":"instock","10":"shipping-taxable","11":"purchasable","12":"product-type-simple"},"fifu_image_url":"https:\/\/orgbling.s3.amazonaws.com\/25e28644d5bc765187a98d9415eab57d\/fddce6926a59c899618533c9f04e1e3e?AWSAccessKeyId=AKIATCLMSGFX4J7TU445&Expires=1740405790&Signature=8PX3wsHjluH3HmQdjmeVFvjmFGQ%3D","_links":{"self":[{"href":"https:\/\/estiloromano.smartjoias.com.br\/escolhas\/wp-json\/wp\/v2\/product\/58211","targetHints":{"allow":["GET"]}}],"collection":[{"href":"https:\/\/estiloromano.smartjoias.com.br\/escolhas\/wp-json\/wp\/v2\/product"}],"about":[{"href":"https:\/\/estiloromano.smartjoias.com.br\/escolhas\/wp-json\/wp\/v2\/types\/product"}],"wp:featuredmedia":[{"embeddable":true,"href":"https:\/\/estiloromano.smartjoias.com.br\/escolhas\/wp-json\/wp\/v2\/media\/104043"}],"wp:attachment":[{"href":"https:\/\/estiloromano.smartjoias.com.br\/escolhas\/wp-json\/wp\/v2\/media?parent=58211"}],"wp:term":[{"taxonomy":"product_cat","embeddable":true,"href":"https:\/\/estiloromano.smartjoias.com.br\/escolhas\/wp-json\/wp\/v2\/product_cat?post=58211"},{"taxonomy":"product_tag","embeddable":true,"href":"https:\/\/estiloromano.smartjoias.com.br\/escolhas\/wp-json\/wp\/v2\/product_tag?post=58211"}],"curies":[{"name":"wp","href":"https:\/\/api.w.org\/{rel}","templated":true}]}}