{"id":61772,"date":"2024-06-04T14:31:23","date_gmt":"2024-06-04T17:31:23","guid":{"rendered":"https:\/\/estiloromano.smartjoias.com.br\/escolhas\/shop\/sem categoria\/piercing-microbell-reto-coracao-bola-4mm-aco-pvd\/"},"modified":"2025-02-17T11:01:23","modified_gmt":"2025-02-17T14:01:23","slug":"piercing-microbell-reto-coracao-bola-4mm-aco-pvd","status":"publish","type":"product","link":"https:\/\/estiloromano.smartjoias.com.br\/escolhas\/shop\/sem-categoria\/piercing-microbell-reto-coracao-bola-4mm-aco-pvd\/","title":{"rendered":"Piercing Microbell Reto Cora\u00e7\u00e3o Bola 4mm &#8211; A\u00e7o PVD"},"content":{"rendered":"<p>Piercing Microbell Reto Cora\u00e7\u00e3o Bola 4mm &#8211; A\u00e7o PVD<\/p>\n","protected":false},"excerpt":{"rendered":"<p>Piercing Microbell Reto Cora\u00e7\u00e3o Bola 4mm &#8211; A\u00e7o PVD<\/p>\n","protected":false},"featured_media":103973,"template":"","meta":[],"product_cat":[2480],"product_tag":[],"class_list":{"0":"post-61772","1":"product","2":"type-product","3":"status-publish","4":"has-post-thumbnail","6":"product_cat-sem-categoria","8":"first","9":"instock","10":"shipping-taxable","11":"purchasable","12":"product-type-simple"},"fifu_image_url":"https:\/\/orgbling.s3.amazonaws.com\/25e28644d5bc765187a98d9415eab57d\/9f5251b44912751bbdfd2c930177d1c6?AWSAccessKeyId=AKIATCLMSGFX4J7TU445&Expires=1740405648&Signature=4fJrNhaBSUm%2BKwQkPa%2FuxHmjA%2Bg%3D","_links":{"self":[{"href":"https:\/\/estiloromano.smartjoias.com.br\/escolhas\/wp-json\/wp\/v2\/product\/61772","targetHints":{"allow":["GET"]}}],"collection":[{"href":"https:\/\/estiloromano.smartjoias.com.br\/escolhas\/wp-json\/wp\/v2\/product"}],"about":[{"href":"https:\/\/estiloromano.smartjoias.com.br\/escolhas\/wp-json\/wp\/v2\/types\/product"}],"wp:featuredmedia":[{"embeddable":true,"href":"https:\/\/estiloromano.smartjoias.com.br\/escolhas\/wp-json\/wp\/v2\/media\/103973"}],"wp:attachment":[{"href":"https:\/\/estiloromano.smartjoias.com.br\/escolhas\/wp-json\/wp\/v2\/media?parent=61772"}],"wp:term":[{"taxonomy":"product_cat","embeddable":true,"href":"https:\/\/estiloromano.smartjoias.com.br\/escolhas\/wp-json\/wp\/v2\/product_cat?post=61772"},{"taxonomy":"product_tag","embeddable":true,"href":"https:\/\/estiloromano.smartjoias.com.br\/escolhas\/wp-json\/wp\/v2\/product_tag?post=61772"}],"curies":[{"name":"wp","href":"https:\/\/api.w.org\/{rel}","templated":true}]}}