{"id":61773,"date":"2024-06-04T14:32:11","date_gmt":"2024-06-04T17:32:11","guid":{"rendered":"https:\/\/estiloromano.smartjoias.com.br\/escolhas\/shop\/sem categoria\/piercing-reto-ponto-de-luz-coracao-11mm-labret-pvd\/"},"modified":"2025-02-17T11:01:25","modified_gmt":"2025-02-17T14:01:25","slug":"piercing-reto-ponto-de-luz-coracao-11mm-labret-pvd","status":"publish","type":"product","link":"https:\/\/estiloromano.smartjoias.com.br\/escolhas\/shop\/sem-categoria\/piercing-reto-ponto-de-luz-coracao-11mm-labret-pvd\/","title":{"rendered":"Piercing Reto Ponto de Luz Cora\u00e7\u00e3o 11mm Labret &#8211; PVD"},"content":{"rendered":"<p>Piercing Reto Ponto de Luz Cora\u00e7\u00e3o 11mm Labret &#8211; PVD<\/p>\n","protected":false},"excerpt":{"rendered":"<p>Piercing Reto Ponto de Luz Cora\u00e7\u00e3o 11mm Labret &#8211; PVD<\/p>\n","protected":false},"featured_media":103974,"template":"","meta":[],"product_cat":[2480],"product_tag":[],"class_list":{"0":"post-61773","1":"product","2":"type-product","3":"status-publish","4":"has-post-thumbnail","6":"product_cat-sem-categoria","8":"first","9":"instock","10":"shipping-taxable","11":"purchasable","12":"product-type-simple"},"fifu_image_url":"https:\/\/orgbling.s3.amazonaws.com\/25e28644d5bc765187a98d9415eab57d\/47a9a3509f0f68718985d79dc2b12b53?AWSAccessKeyId=AKIATCLMSGFX4J7TU445&Expires=1740405648&Signature=cH9KByJOozzBmN63kPwYodxrgF0%3D","_links":{"self":[{"href":"https:\/\/estiloromano.smartjoias.com.br\/escolhas\/wp-json\/wp\/v2\/product\/61773","targetHints":{"allow":["GET"]}}],"collection":[{"href":"https:\/\/estiloromano.smartjoias.com.br\/escolhas\/wp-json\/wp\/v2\/product"}],"about":[{"href":"https:\/\/estiloromano.smartjoias.com.br\/escolhas\/wp-json\/wp\/v2\/types\/product"}],"wp:featuredmedia":[{"embeddable":true,"href":"https:\/\/estiloromano.smartjoias.com.br\/escolhas\/wp-json\/wp\/v2\/media\/103974"}],"wp:attachment":[{"href":"https:\/\/estiloromano.smartjoias.com.br\/escolhas\/wp-json\/wp\/v2\/media?parent=61773"}],"wp:term":[{"taxonomy":"product_cat","embeddable":true,"href":"https:\/\/estiloromano.smartjoias.com.br\/escolhas\/wp-json\/wp\/v2\/product_cat?post=61773"},{"taxonomy":"product_tag","embeddable":true,"href":"https:\/\/estiloromano.smartjoias.com.br\/escolhas\/wp-json\/wp\/v2\/product_tag?post=61773"}],"curies":[{"name":"wp","href":"https:\/\/api.w.org\/{rel}","templated":true}]}}