{"id":61802,"date":"2024-06-04T14:40:40","date_gmt":"2024-06-04T17:40:40","guid":{"rendered":"https:\/\/estiloromano.smartjoias.com.br\/escolhas\/shop\/sem categoria\/escapulario-nossa-senhora-corrente-elos-em-aco\/"},"modified":"2025-02-17T11:01:54","modified_gmt":"2025-02-17T14:01:54","slug":"escapulario-nossa-senhora-corrente-elos-em-aco","status":"publish","type":"product","link":"https:\/\/estiloromano.smartjoias.com.br\/escolhas\/shop\/sem-categoria\/escapulario-nossa-senhora-corrente-elos-em-aco\/","title":{"rendered":"Escapul\u00e1rio Nossa Senhora Corrente Elos em A\u00e7o"},"content":{"rendered":"<p>Escapul\u00e1rio Nossa Senhora Corrente Elos em A\u00e7o<\/p>\n","protected":false},"excerpt":{"rendered":"<p>Escapul\u00e1rio Nossa Senhora Corrente Elos em A\u00e7o<\/p>\n","protected":false},"featured_media":103993,"template":"","meta":[],"product_cat":[2480],"product_tag":[],"class_list":{"0":"post-61802","1":"product","2":"type-product","3":"status-publish","4":"has-post-thumbnail","6":"product_cat-sem-categoria","8":"first","9":"instock","10":"shipping-taxable","11":"purchasable","12":"product-type-simple"},"fifu_image_url":"https:\/\/orgbling.s3.amazonaws.com\/25e28644d5bc765187a98d9415eab57d\/158cef11dd8dee23d7e6868f77a3908f?AWSAccessKeyId=AKIATCLMSGFX4J7TU445&Expires=1740405648&Signature=Y2PJXCabTcI4%2FrIhjqU2zcKJJmY%3D","_links":{"self":[{"href":"https:\/\/estiloromano.smartjoias.com.br\/escolhas\/wp-json\/wp\/v2\/product\/61802","targetHints":{"allow":["GET"]}}],"collection":[{"href":"https:\/\/estiloromano.smartjoias.com.br\/escolhas\/wp-json\/wp\/v2\/product"}],"about":[{"href":"https:\/\/estiloromano.smartjoias.com.br\/escolhas\/wp-json\/wp\/v2\/types\/product"}],"wp:featuredmedia":[{"embeddable":true,"href":"https:\/\/estiloromano.smartjoias.com.br\/escolhas\/wp-json\/wp\/v2\/media\/103993"}],"wp:attachment":[{"href":"https:\/\/estiloromano.smartjoias.com.br\/escolhas\/wp-json\/wp\/v2\/media?parent=61802"}],"wp:term":[{"taxonomy":"product_cat","embeddable":true,"href":"https:\/\/estiloromano.smartjoias.com.br\/escolhas\/wp-json\/wp\/v2\/product_cat?post=61802"},{"taxonomy":"product_tag","embeddable":true,"href":"https:\/\/estiloromano.smartjoias.com.br\/escolhas\/wp-json\/wp\/v2\/product_tag?post=61802"}],"curies":[{"name":"wp","href":"https:\/\/api.w.org\/{rel}","templated":true}]}}