{"id":63450,"date":"2024-06-12T04:42:09","date_gmt":"2024-06-12T07:42:09","guid":{"rendered":"https:\/\/estiloromano.smartjoias.com.br\/escolhas\/shop\/sem categoria\/pulseira-oracao-pai-nosso-5mm-5g-21cm-aco-banhado-a-ouro\/"},"modified":"2025-02-17T10:57:36","modified_gmt":"2025-02-17T13:57:36","slug":"pulseira-oracao-pai-nosso-5mm-5g-21cm-aco-banhado-a-ouro","status":"publish","type":"product","link":"https:\/\/estiloromano.smartjoias.com.br\/escolhas\/shop\/sem-categoria\/pulseira-oracao-pai-nosso-5mm-5g-21cm-aco-banhado-a-ouro\/","title":{"rendered":"Pulseira Ora\u00e7\u00e3o Pai Nosso &#8211; 5mm &#8211; 5g &#8211; 21cm &#8211; A\u00e7o Banhado a Ouro"},"content":{"rendered":"<p>Pulseira Ora\u00e7\u00e3o Pai Nosso &#8211; 5mm &#8211; 5g &#8211; 21cm &#8211; A\u00e7o Banhado a Ouro<\/p>\n","protected":false},"excerpt":{"rendered":"<p>Pulseira Ora\u00e7\u00e3o Pai Nosso &#8211; 5mm &#8211; 5g &#8211; 21cm &#8211; A\u00e7o Banhado a Ouro<\/p>\n","protected":false},"featured_media":103828,"template":"","meta":[],"product_cat":[2480],"product_tag":[],"class_list":{"0":"post-63450","1":"product","2":"type-product","3":"status-publish","4":"has-post-thumbnail","6":"product_cat-sem-categoria","8":"first","9":"instock","10":"shipping-taxable","11":"purchasable","12":"product-type-simple"},"fifu_image_url":"https:\/\/orgbling.s3.amazonaws.com\/25e28644d5bc765187a98d9415eab57d\/d5716bdd8972a08798d5b1aa756c79fb?AWSAccessKeyId=AKIATCLMSGFX4J7TU445&Expires=1740405336&Signature=eXLaJC84nEdMPYI34Ft9s0fpY1U%3D","_links":{"self":[{"href":"https:\/\/estiloromano.smartjoias.com.br\/escolhas\/wp-json\/wp\/v2\/product\/63450","targetHints":{"allow":["GET"]}}],"collection":[{"href":"https:\/\/estiloromano.smartjoias.com.br\/escolhas\/wp-json\/wp\/v2\/product"}],"about":[{"href":"https:\/\/estiloromano.smartjoias.com.br\/escolhas\/wp-json\/wp\/v2\/types\/product"}],"wp:featuredmedia":[{"embeddable":true,"href":"https:\/\/estiloromano.smartjoias.com.br\/escolhas\/wp-json\/wp\/v2\/media\/103828"}],"wp:attachment":[{"href":"https:\/\/estiloromano.smartjoias.com.br\/escolhas\/wp-json\/wp\/v2\/media?parent=63450"}],"wp:term":[{"taxonomy":"product_cat","embeddable":true,"href":"https:\/\/estiloromano.smartjoias.com.br\/escolhas\/wp-json\/wp\/v2\/product_cat?post=63450"},{"taxonomy":"product_tag","embeddable":true,"href":"https:\/\/estiloromano.smartjoias.com.br\/escolhas\/wp-json\/wp\/v2\/product_tag?post=63450"}],"curies":[{"name":"wp","href":"https:\/\/api.w.org\/{rel}","templated":true}]}}