{"id":63455,"date":"2024-06-15T15:42:32","date_gmt":"2024-06-15T18:42:32","guid":{"rendered":"https:\/\/estiloromano.smartjoias.com.br\/escolhas\/shop\/sem categoria\/conjunto-coracao-lavanda-banhado-a-rodio-branco\/"},"modified":"2025-02-17T10:56:26","modified_gmt":"2025-02-17T13:56:26","slug":"conjunto-coracao-lavanda-banhado-a-rodio-branco","status":"publish","type":"product","link":"https:\/\/estiloromano.smartjoias.com.br\/escolhas\/shop\/sem-categoria\/conjunto-coracao-lavanda-banhado-a-rodio-branco\/","title":{"rendered":"Conjunto Cora\u00e7\u00e3o Lavanda &#8211; Banhado a R\u00f3dio Branco"},"content":{"rendered":"<p>Conjunto Cora\u00e7\u00e3o Lavanda &#8211; Banhado a R\u00f3dio Branco<\/p>\n","protected":false},"excerpt":{"rendered":"<p>Conjunto Cora\u00e7\u00e3o Lavanda &#8211; Banhado a R\u00f3dio Branco<\/p>\n","protected":false},"featured_media":103789,"template":"","meta":[],"product_cat":[2480],"product_tag":[],"class_list":{"0":"post-63455","1":"product","2":"type-product","3":"status-publish","4":"has-post-thumbnail","6":"product_cat-sem-categoria","8":"first","9":"instock","10":"shipping-taxable","11":"purchasable","12":"product-type-simple"},"fifu_image_url":"https:\/\/orgbling.s3.amazonaws.com\/25e28644d5bc765187a98d9415eab57d\/212ff95ed57eea3d6cb9be9aee0064bd?AWSAccessKeyId=AKIATCLMSGFX4J7TU445&Expires=1740405336&Signature=1tbUcbc2AhTMmn0Do%2BzbZJreYTU%3D","_links":{"self":[{"href":"https:\/\/estiloromano.smartjoias.com.br\/escolhas\/wp-json\/wp\/v2\/product\/63455","targetHints":{"allow":["GET"]}}],"collection":[{"href":"https:\/\/estiloromano.smartjoias.com.br\/escolhas\/wp-json\/wp\/v2\/product"}],"about":[{"href":"https:\/\/estiloromano.smartjoias.com.br\/escolhas\/wp-json\/wp\/v2\/types\/product"}],"wp:featuredmedia":[{"embeddable":true,"href":"https:\/\/estiloromano.smartjoias.com.br\/escolhas\/wp-json\/wp\/v2\/media\/103789"}],"wp:attachment":[{"href":"https:\/\/estiloromano.smartjoias.com.br\/escolhas\/wp-json\/wp\/v2\/media?parent=63455"}],"wp:term":[{"taxonomy":"product_cat","embeddable":true,"href":"https:\/\/estiloromano.smartjoias.com.br\/escolhas\/wp-json\/wp\/v2\/product_cat?post=63455"},{"taxonomy":"product_tag","embeddable":true,"href":"https:\/\/estiloromano.smartjoias.com.br\/escolhas\/wp-json\/wp\/v2\/product_tag?post=63455"}],"curies":[{"name":"wp","href":"https:\/\/api.w.org\/{rel}","templated":true}]}}