{"id":64167,"date":"2024-06-20T16:52:51","date_gmt":"2024-06-20T19:52:51","guid":{"rendered":"https:\/\/estiloromano.smartjoias.com.br\/escolhas\/shop\/sem categoria\/brinco-zirconia-cristal-quadrada-7mm-banhado-a-rodio-branco\/"},"modified":"2025-02-17T10:56:13","modified_gmt":"2025-02-17T13:56:13","slug":"brinco-zirconia-cristal-quadrada-7mm-banhado-a-rodio-branco","status":"publish","type":"product","link":"https:\/\/estiloromano.smartjoias.com.br\/escolhas\/shop\/sem-categoria\/brinco-zirconia-cristal-quadrada-7mm-banhado-a-rodio-branco\/","title":{"rendered":"Brinco Zirc\u00f4nia Cristal Quadrada 7mm &#8211; Banhado a R\u00f3dio Branco"},"content":{"rendered":"<p>Brinco Zirc\u00f4nia Cristal Quadrada 7mm &#8211; Banhado a R\u00f3dio Branco<\/p>\n","protected":false},"excerpt":{"rendered":"<p>Brinco Zirc\u00f4nia Cristal Quadrada 7mm &#8211; Banhado a R\u00f3dio Branco<\/p>\n","protected":false},"featured_media":103781,"template":"","meta":[],"product_cat":[2480],"product_tag":[],"class_list":{"0":"post-64167","1":"product","2":"type-product","3":"status-publish","4":"has-post-thumbnail","6":"product_cat-sem-categoria","8":"first","9":"instock","10":"shipping-taxable","11":"purchasable","12":"product-type-simple"},"fifu_image_url":"https:\/\/orgbling.s3.amazonaws.com\/25e28644d5bc765187a98d9415eab57d\/c1a6520e9b32d4f0d0bf64b25ffedefa?AWSAccessKeyId=AKIATCLMSGFX4J7TU445&Expires=1740405336&Signature=CmNaVsYtRXzk%2FAWkkBDiUx7BV0M%3D","_links":{"self":[{"href":"https:\/\/estiloromano.smartjoias.com.br\/escolhas\/wp-json\/wp\/v2\/product\/64167","targetHints":{"allow":["GET"]}}],"collection":[{"href":"https:\/\/estiloromano.smartjoias.com.br\/escolhas\/wp-json\/wp\/v2\/product"}],"about":[{"href":"https:\/\/estiloromano.smartjoias.com.br\/escolhas\/wp-json\/wp\/v2\/types\/product"}],"wp:featuredmedia":[{"embeddable":true,"href":"https:\/\/estiloromano.smartjoias.com.br\/escolhas\/wp-json\/wp\/v2\/media\/103781"}],"wp:attachment":[{"href":"https:\/\/estiloromano.smartjoias.com.br\/escolhas\/wp-json\/wp\/v2\/media?parent=64167"}],"wp:term":[{"taxonomy":"product_cat","embeddable":true,"href":"https:\/\/estiloromano.smartjoias.com.br\/escolhas\/wp-json\/wp\/v2\/product_cat?post=64167"},{"taxonomy":"product_tag","embeddable":true,"href":"https:\/\/estiloromano.smartjoias.com.br\/escolhas\/wp-json\/wp\/v2\/product_tag?post=64167"}],"curies":[{"name":"wp","href":"https:\/\/api.w.org\/{rel}","templated":true}]}}