{"id":64168,"date":"2024-06-20T16:54:04","date_gmt":"2024-06-20T19:54:04","guid":{"rendered":"https:\/\/estiloromano.smartjoias.com.br\/escolhas\/shop\/sem categoria\/brinco-zirconia-quadrada-7mm-com-tarraxa-perola-banhado-a-ouro\/"},"modified":"2025-02-17T10:56:15","modified_gmt":"2025-02-17T13:56:15","slug":"brinco-zirconia-quadrada-7mm-com-tarraxa-perola-banhado-a-ouro","status":"publish","type":"product","link":"https:\/\/estiloromano.smartjoias.com.br\/escolhas\/shop\/sem-categoria\/brinco-zirconia-quadrada-7mm-com-tarraxa-perola-banhado-a-ouro\/","title":{"rendered":"Brinco Zirc\u00f4nia Quadrada 7mm com Tarraxa P\u00e9rola  &#8211; Banhado a Ouro"},"content":{"rendered":"<p>Brinco Zirc\u00f4nia Quadrada 7mm com Tarraxa P\u00e9rola  &#8211; Banhado a Ouro<\/p>\n","protected":false},"excerpt":{"rendered":"<p>Brinco Zirc\u00f4nia Quadrada 7mm com Tarraxa P\u00e9rola &#8211; Banhado a Ouro<\/p>\n","protected":false},"featured_media":103782,"template":"","meta":[],"product_cat":[2480],"product_tag":[],"class_list":{"0":"post-64168","1":"product","2":"type-product","3":"status-publish","4":"has-post-thumbnail","6":"product_cat-sem-categoria","8":"first","9":"instock","10":"shipping-taxable","11":"purchasable","12":"product-type-simple"},"fifu_image_url":"https:\/\/orgbling.s3.amazonaws.com\/25e28644d5bc765187a98d9415eab57d\/cab78cfe84601064a8d976c51336dedf?AWSAccessKeyId=AKIATCLMSGFX4J7TU445&Expires=1740405336&Signature=mDMymL3bM5ckY0Esu7Cewq%2BZ3vY%3D","_links":{"self":[{"href":"https:\/\/estiloromano.smartjoias.com.br\/escolhas\/wp-json\/wp\/v2\/product\/64168","targetHints":{"allow":["GET"]}}],"collection":[{"href":"https:\/\/estiloromano.smartjoias.com.br\/escolhas\/wp-json\/wp\/v2\/product"}],"about":[{"href":"https:\/\/estiloromano.smartjoias.com.br\/escolhas\/wp-json\/wp\/v2\/types\/product"}],"wp:featuredmedia":[{"embeddable":true,"href":"https:\/\/estiloromano.smartjoias.com.br\/escolhas\/wp-json\/wp\/v2\/media\/103782"}],"wp:attachment":[{"href":"https:\/\/estiloromano.smartjoias.com.br\/escolhas\/wp-json\/wp\/v2\/media?parent=64168"}],"wp:term":[{"taxonomy":"product_cat","embeddable":true,"href":"https:\/\/estiloromano.smartjoias.com.br\/escolhas\/wp-json\/wp\/v2\/product_cat?post=64168"},{"taxonomy":"product_tag","embeddable":true,"href":"https:\/\/estiloromano.smartjoias.com.br\/escolhas\/wp-json\/wp\/v2\/product_tag?post=64168"}],"curies":[{"name":"wp","href":"https:\/\/api.w.org\/{rel}","templated":true}]}}