{"id":64172,"date":"2024-06-20T16:56:00","date_gmt":"2024-06-20T19:56:00","guid":{"rendered":"https:\/\/estiloromano.smartjoias.com.br\/escolhas\/shop\/sem categoria\/colar-relicario-redondo-detalhado-grande-banhado-a-rodio-branco\/"},"modified":"2025-02-17T10:56:21","modified_gmt":"2025-02-17T13:56:21","slug":"colar-relicario-redondo-detalhado-grande-banhado-a-rodio-branco","status":"publish","type":"product","link":"https:\/\/estiloromano.smartjoias.com.br\/escolhas\/shop\/sem-categoria\/colar-relicario-redondo-detalhado-grande-banhado-a-rodio-branco\/","title":{"rendered":"Colar Relic\u00e1rio Redondo Detalhado Grande &#8211; Banhado a R\u00f3dio Branco"},"content":{"rendered":"<p>Colar Relic\u00e1rio Redondo Detalhado Grande &#8211; Banhado a R\u00f3dio Branco<\/p>\n","protected":false},"excerpt":{"rendered":"<p>Colar Relic\u00e1rio Redondo Detalhado Grande &#8211; Banhado a R\u00f3dio Branco<\/p>\n","protected":false},"featured_media":103786,"template":"","meta":[],"product_cat":[2480],"product_tag":[],"class_list":{"0":"post-64172","1":"product","2":"type-product","3":"status-publish","4":"has-post-thumbnail","6":"product_cat-sem-categoria","8":"first","9":"instock","10":"shipping-taxable","11":"purchasable","12":"product-type-simple"},"fifu_image_url":"https:\/\/orgbling.s3.amazonaws.com\/25e28644d5bc765187a98d9415eab57d\/6e0d11472dfaf48efae9a8316cf935c0?AWSAccessKeyId=AKIATCLMSGFX4J7TU445&Expires=1740405336&Signature=nc479QAA5WcCBtPulWM1URS99BY%3D","_links":{"self":[{"href":"https:\/\/estiloromano.smartjoias.com.br\/escolhas\/wp-json\/wp\/v2\/product\/64172","targetHints":{"allow":["GET"]}}],"collection":[{"href":"https:\/\/estiloromano.smartjoias.com.br\/escolhas\/wp-json\/wp\/v2\/product"}],"about":[{"href":"https:\/\/estiloromano.smartjoias.com.br\/escolhas\/wp-json\/wp\/v2\/types\/product"}],"wp:featuredmedia":[{"embeddable":true,"href":"https:\/\/estiloromano.smartjoias.com.br\/escolhas\/wp-json\/wp\/v2\/media\/103786"}],"wp:attachment":[{"href":"https:\/\/estiloromano.smartjoias.com.br\/escolhas\/wp-json\/wp\/v2\/media?parent=64172"}],"wp:term":[{"taxonomy":"product_cat","embeddable":true,"href":"https:\/\/estiloromano.smartjoias.com.br\/escolhas\/wp-json\/wp\/v2\/product_cat?post=64172"},{"taxonomy":"product_tag","embeddable":true,"href":"https:\/\/estiloromano.smartjoias.com.br\/escolhas\/wp-json\/wp\/v2\/product_tag?post=64172"}],"curies":[{"name":"wp","href":"https:\/\/api.w.org\/{rel}","templated":true}]}}